{"id":92422,"date":"2026-04-21T02:27:22","date_gmt":"2026-04-21T08:27:22","guid":{"rendered":"https:\/\/www.veneciacr.com\/index.php\/producto\/placa-intemperie-toma-decor-gris-1966-eagle\/"},"modified":"2026-04-21T02:27:23","modified_gmt":"2026-04-21T08:27:23","slug":"placa-intemperie-toma-decor-gris-1966-eagle","status":"publish","type":"product","link":"https:\/\/www.veneciacr.com\/index.php\/producto\/placa-intemperie-toma-decor-gris-1966-eagle\/","title":{"rendered":"PLACA INTEMPERIE TOMA DECOR GRIS 1966 EAGLE"},"content":{"rendered":"<table>\n<tbody>\n<tr>\n<td>Modelo del Tomacorriente:<\/td>\n<td align=\"left\">1966<\/td>\n<td><\/td>\n<td>Corriente y Voltaje:<\/td>\n<td align=\"left\">15A 125V~<\/td>\n<\/tr>\n<tr>\n<td>Conexi\u00f3n:<\/td>\n<td align=\"left\">NEMA 5-15R, 2 polos, 3 cables<\/td>\n<td><\/td>\n<td>Protecci\u00f3n:<\/td>\n<td align=\"left\">Grado IP65 para uso en condiciones h\u00famedas<\/td>\n<\/tr>\n<tr>\n<td>Material del Cuerpo (Placa):<\/td>\n<td align=\"left\">PVC resistente al impacto y a la luz solar<\/td>\n<td><\/td>\n<td>Material de los Empaques (Placa):<\/td>\n<td align=\"left\">Neopreno<\/td>\n<\/tr>\n<tr>\n<td>Material del Cuerpo (Tomacorriente):<\/td>\n<td align=\"left\">Termopl\u00e1stico resistente a manchas y f\u00e1cil de limpiar<\/td>\n<td><\/td>\n<td>Cableado Permitido:<\/td>\n<td align=\"left\">Autom\u00e1tico: hasta #14 AWG; Tornillo: hasta #10 AWG (solo cables de cobre)<\/td>\n<\/tr>\n<tr>\n<td>Opciones de Tierra:<\/td>\n<td align=\"left\">Tornillo verde o clip con auto conexi\u00f3n a tierra<\/td>\n<td><\/td>\n<td>Temperaturas de Operaci\u00f3n:<\/td>\n<td align=\"left\">-40\u00b0C (sin impacto) a 75\u00b0C m\u00e1ximo continuo<\/td>\n<\/tr>\n<tr>\n<td>Certificaciones:<\/td>\n<td align=\"left\">NOM: 19DOM14475, UL: E325115<\/td>\n<td><\/td>\n<td><\/td>\n<td align=\"left\"><\/td>\n<\/tr>\n<tr>\n<td>Caracter\u00edsticas Adicionales:<\/td>\n<td align=\"left\">Tornillos y empaques de montaje incluidos; cuerpo angosto para mayor espacio de cableado; protecci\u00f3n contra part\u00edculas de polvo y lluvia; dise\u00f1o f\u00e1cil de limpiar.<\/td>\n<\/tr>\n<\/tbody>\n<\/table>\n","protected":false},"excerpt":{"rendered":"<p>Modelo del Tomacorriente: 1966 Corriente y Voltaje: 15A 125V~ Conexi\u00f3n: NEMA 5-15R, 2 polos, 3 cables Protecci\u00f3n: Grado IP65 para<\/p>\n","protected":false},"featured_media":92423,"comment_status":"closed","ping_status":"open","template":"","meta":[],"product_brand":[],"product_cat":[80,157],"product_tag":[],"class_list":{"0":"post-92422","1":"product","2":"type-product","3":"status-publish","4":"has-post-thumbnail","6":"product_cat-electrico","7":"product_cat-plaqueria","9":"first","10":"instock","11":"purchasable","12":"product-type-simple"},"jetpack_sharing_enabled":true,"_links":{"self":[{"href":"https:\/\/www.veneciacr.com\/index.php\/wp-json\/wp\/v2\/product\/92422","targetHints":{"allow":["GET"]}}],"collection":[{"href":"https:\/\/www.veneciacr.com\/index.php\/wp-json\/wp\/v2\/product"}],"about":[{"href":"https:\/\/www.veneciacr.com\/index.php\/wp-json\/wp\/v2\/types\/product"}],"replies":[{"embeddable":true,"href":"https:\/\/www.veneciacr.com\/index.php\/wp-json\/wp\/v2\/comments?post=92422"}],"wp:featuredmedia":[{"embeddable":true,"href":"https:\/\/www.veneciacr.com\/index.php\/wp-json\/wp\/v2\/media\/92423"}],"wp:attachment":[{"href":"https:\/\/www.veneciacr.com\/index.php\/wp-json\/wp\/v2\/media?parent=92422"}],"wp:term":[{"taxonomy":"product_brand","embeddable":true,"href":"https:\/\/www.veneciacr.com\/index.php\/wp-json\/wp\/v2\/product_brand?post=92422"},{"taxonomy":"product_cat","embeddable":true,"href":"https:\/\/www.veneciacr.com\/index.php\/wp-json\/wp\/v2\/product_cat?post=92422"},{"taxonomy":"product_tag","embeddable":true,"href":"https:\/\/www.veneciacr.com\/index.php\/wp-json\/wp\/v2\/product_tag?post=92422"}],"curies":[{"name":"wp","href":"https:\/\/api.w.org\/{rel}","templated":true}]}}