{"id":92412,"date":"2026-04-21T02:27:19","date_gmt":"2026-04-21T08:27:19","guid":{"rendered":"https:\/\/www.veneciacr.com\/index.php\/producto\/burra-2-ton-2pzs-whj3502-wadfow\/"},"modified":"2026-04-21T02:27:20","modified_gmt":"2026-04-21T08:27:20","slug":"burra-2-ton-2pzs-whj3502-wadfow","status":"publish","type":"product","link":"https:\/\/www.veneciacr.com\/index.php\/producto\/burra-2-ton-2pzs-whj3502-wadfow\/","title":{"rendered":"BURRA 2 TON 2PZS WHJ3502 WADFOW"},"content":{"rendered":"<p>BURRA 2 TON 2PZS WHJ3502 WADFOW<\/p>\n<p>2 toneladas (2 piezas\/par)<\/p>\n<p>Altura m\u00ednima: 278 mm<\/p>\n<p>Altura m\u00e1xima: 366 mm<\/p>\n<p>Tama\u00f1o del paquete: 530 x 280 x 315 mm<\/p>\n<p>Embalado en caja de color<\/p>\n","protected":false},"excerpt":{"rendered":"<p>BURRA 2 TON 2PZS WHJ3502 WADFOW 2 toneladas (2 piezas\/par) Altura m\u00ednima: 278 mm Altura m\u00e1xima: 366 mm Tama\u00f1o del<\/p>\n","protected":false},"featured_media":92413,"comment_status":"closed","ping_status":"open","template":"","meta":[],"product_brand":[],"product_cat":[15],"product_tag":[],"class_list":{"0":"post-92412","1":"product","2":"type-product","3":"status-publish","4":"has-post-thumbnail","6":"product_cat-uncategorized","8":"first","9":"instock","10":"purchasable","11":"product-type-simple"},"jetpack_sharing_enabled":true,"_links":{"self":[{"href":"https:\/\/www.veneciacr.com\/index.php\/wp-json\/wp\/v2\/product\/92412","targetHints":{"allow":["GET"]}}],"collection":[{"href":"https:\/\/www.veneciacr.com\/index.php\/wp-json\/wp\/v2\/product"}],"about":[{"href":"https:\/\/www.veneciacr.com\/index.php\/wp-json\/wp\/v2\/types\/product"}],"replies":[{"embeddable":true,"href":"https:\/\/www.veneciacr.com\/index.php\/wp-json\/wp\/v2\/comments?post=92412"}],"wp:featuredmedia":[{"embeddable":true,"href":"https:\/\/www.veneciacr.com\/index.php\/wp-json\/wp\/v2\/media\/92413"}],"wp:attachment":[{"href":"https:\/\/www.veneciacr.com\/index.php\/wp-json\/wp\/v2\/media?parent=92412"}],"wp:term":[{"taxonomy":"product_brand","embeddable":true,"href":"https:\/\/www.veneciacr.com\/index.php\/wp-json\/wp\/v2\/product_brand?post=92412"},{"taxonomy":"product_cat","embeddable":true,"href":"https:\/\/www.veneciacr.com\/index.php\/wp-json\/wp\/v2\/product_cat?post=92412"},{"taxonomy":"product_tag","embeddable":true,"href":"https:\/\/www.veneciacr.com\/index.php\/wp-json\/wp\/v2\/product_tag?post=92412"}],"curies":[{"name":"wp","href":"https:\/\/api.w.org\/{rel}","templated":true}]}}