{"id":92356,"date":"2026-04-29T02:11:00","date_gmt":"2026-04-29T08:11:00","guid":{"rendered":"https:\/\/www.veneciacr.com\/index.php\/producto\/supra-latex-mate-cubeta-blanco-va950-2-lanco\/"},"modified":"2026-04-29T02:11:00","modified_gmt":"2026-04-29T08:11:00","slug":"supra-latex-mate-cubeta-blanco-va950-2-lanco","status":"publish","type":"product","link":"https:\/\/www.veneciacr.com\/index.php\/producto\/supra-latex-mate-cubeta-blanco-va950-2-lanco\/","title":{"rendered":"SUPRA LATEX MATE CUBETA BLANCO VA950-2 LANCO"},"content":{"rendered":"<p>SUPRA es una pintura de resina acr\u00edlica, mate para uso interior o exterior que provee belleza duradera y protecci\u00f3n en proyectos previamente pintados. Posee excelente retenci\u00f3n de color y cubrimiento, y buena resistencia a amarillentarse, tizarse, escamarse o a descascararse.<\/p>\n<p>Ventajas del Producto:<\/p>\n<p>\u2022 Buena cobertura sobre bases de primera calidad<\/p>\n<p>\u2022 No contiene metales pesados ni plomo<\/p>\n<p>\u2022 Excelente adhesi\u00f3n sobre superficies preparadas<\/p>\n<p>\u2022 No se pela ni se descascara<\/p>\n<p>\u2022 Resistente al atizamiento<\/p>\n<p>\u2022 De terminaci\u00f3n uniforme<\/p>\n<p>\u2022 De f\u00e1cil aplicaci\u00f3n<\/p>\n<p>\u2022 Excelente retenci\u00f3n de color<\/p>\n<p>Preparaci\u00f3n de Supercies:<\/p>\n<p>Toda la superficie debe estar seca, limpia, sana y libre de contaminantes tales como sucio, grasa, tiza, moho, aceite, \u00f3xido, agentes de curado de hormig\u00f3n, yeso, lechada, eflorescencia y pintura suelta o agrietada. Elimine contaminantes lavando la superficie con un limpiador adecuado, lijando, raspando y\/o utilizando una m\u00e1quina de lavado a presi\u00f3n. Utilice una Base Lanco\u00ae, de ser necesario seg\u00fan las especificaciones recomendadas de este producto para superficies como: hormig\u00f3n, revestimientos, paneles de yeso, paneles pre-fabricados, madera, acero, aluminio, acero galvanizado, otros materiales compuestos o revestimiento de vinilo siguiendo las instrucciones de aplicaci\u00f3n. Las superficies brillantes se deben lijar ligeramente. Grietas y agujeros deben estar limpios y secos, con una esp\u00e1tula aplique Siliconizer\u2122 Crack Filler sobre la grieta y a 2 pulgadas de ambos lados, rellene todos los huecos con Lanco\u00ae Spackling Compound. D\u00e9jelo secar completamente por 24 horas.<\/p>\n","protected":false},"excerpt":{"rendered":"<p>SUPRA es una pintura de resina acr\u00edlica, mate para uso interior o exterior que provee belleza duradera y protecci\u00f3n en<\/p>\n","protected":false},"featured_media":92357,"comment_status":"closed","ping_status":"open","template":"","meta":[],"product_brand":[],"product_cat":[132,30],"product_tag":[],"class_list":{"0":"post-92356","1":"product","2":"type-product","3":"status-publish","4":"has-post-thumbnail","6":"product_cat-herramientas-para-pintar-y-consumibles","7":"product_cat-pintura","9":"first","10":"instock","11":"purchasable","12":"product-type-simple"},"jetpack_sharing_enabled":true,"_links":{"self":[{"href":"https:\/\/www.veneciacr.com\/index.php\/wp-json\/wp\/v2\/product\/92356","targetHints":{"allow":["GET"]}}],"collection":[{"href":"https:\/\/www.veneciacr.com\/index.php\/wp-json\/wp\/v2\/product"}],"about":[{"href":"https:\/\/www.veneciacr.com\/index.php\/wp-json\/wp\/v2\/types\/product"}],"replies":[{"embeddable":true,"href":"https:\/\/www.veneciacr.com\/index.php\/wp-json\/wp\/v2\/comments?post=92356"}],"wp:featuredmedia":[{"embeddable":true,"href":"https:\/\/www.veneciacr.com\/index.php\/wp-json\/wp\/v2\/media\/92357"}],"wp:attachment":[{"href":"https:\/\/www.veneciacr.com\/index.php\/wp-json\/wp\/v2\/media?parent=92356"}],"wp:term":[{"taxonomy":"product_brand","embeddable":true,"href":"https:\/\/www.veneciacr.com\/index.php\/wp-json\/wp\/v2\/product_brand?post=92356"},{"taxonomy":"product_cat","embeddable":true,"href":"https:\/\/www.veneciacr.com\/index.php\/wp-json\/wp\/v2\/product_cat?post=92356"},{"taxonomy":"product_tag","embeddable":true,"href":"https:\/\/www.veneciacr.com\/index.php\/wp-json\/wp\/v2\/product_tag?post=92356"}],"curies":[{"name":"wp","href":"https:\/\/api.w.org\/{rel}","templated":true}]}}