{"id":92345,"date":"2026-05-06T01:06:46","date_gmt":"2026-05-06T07:06:46","guid":{"rendered":"https:\/\/www.veneciacr.com\/index.php\/producto\/brocha-2-1-2-plastico-eco-brp-2-1-2-pretul\/"},"modified":"2026-05-06T01:06:47","modified_gmt":"2026-05-06T07:06:47","slug":"brocha-2-1-2-plastico-brp-2-1-2-pretul","status":"publish","type":"product","link":"https:\/\/www.veneciacr.com\/index.php\/producto\/brocha-2-1-2-plastico-brp-2-1-2-pretul\/","title":{"rendered":"BROCHA 2 1\/2&#8243; PLASTICO BRP-2-1\/2 PRETUL"},"content":{"rendered":"<p>Cerdas 100% naturales<br \/>\nMayor cantidad de cerdas que retienen m\u00e1s pintura para un mejor desempe\u00f1o<br \/>\nResina ep\u00f3xica mejorada que minimiza la ca\u00edda de las cerdas<br \/>\nMango de polipropileno resistente a solventes y remaches niquelados resistentes a la oxidaci\u00f3n<\/p>\n<p>ESPECIFICACIONES<br \/>\nAncho: 2-1\/2&#8243;<br \/>\nLongitud de cerdas expuestas: 38 mm<br \/>\nEspesor de brocha: 11 mm<br \/>\nEmpaque individual: Bolsa<\/p>\n<p>Aplicaciones<br \/>\nUsos generales<\/p>\n<p>CUIDADOS<br \/>\nEnjuague las cerdas con el mismo solvente que se utiliz\u00f3 para adelgazar la pintura, despu\u00e9s enjuague en agua caliente. Dejarla secar preferentemente colgada del ojillo<\/p>\n","protected":false},"excerpt":{"rendered":"<p>Cerdas 100% naturales Mayor cantidad de cerdas que retienen m\u00e1s pintura para un mejor desempe\u00f1o Resina ep\u00f3xica mejorada que minimiza<\/p>\n","protected":false},"featured_media":92346,"comment_status":"closed","ping_status":"open","template":"","meta":[],"product_brand":[],"product_cat":[15],"product_tag":[],"class_list":{"0":"post-92345","1":"product","2":"type-product","3":"status-publish","4":"has-post-thumbnail","6":"product_cat-uncategorized","8":"first","9":"instock","10":"purchasable","11":"product-type-simple"},"jetpack_sharing_enabled":true,"_links":{"self":[{"href":"https:\/\/www.veneciacr.com\/index.php\/wp-json\/wp\/v2\/product\/92345","targetHints":{"allow":["GET"]}}],"collection":[{"href":"https:\/\/www.veneciacr.com\/index.php\/wp-json\/wp\/v2\/product"}],"about":[{"href":"https:\/\/www.veneciacr.com\/index.php\/wp-json\/wp\/v2\/types\/product"}],"replies":[{"embeddable":true,"href":"https:\/\/www.veneciacr.com\/index.php\/wp-json\/wp\/v2\/comments?post=92345"}],"wp:featuredmedia":[{"embeddable":true,"href":"https:\/\/www.veneciacr.com\/index.php\/wp-json\/wp\/v2\/media\/92346"}],"wp:attachment":[{"href":"https:\/\/www.veneciacr.com\/index.php\/wp-json\/wp\/v2\/media?parent=92345"}],"wp:term":[{"taxonomy":"product_brand","embeddable":true,"href":"https:\/\/www.veneciacr.com\/index.php\/wp-json\/wp\/v2\/product_brand?post=92345"},{"taxonomy":"product_cat","embeddable":true,"href":"https:\/\/www.veneciacr.com\/index.php\/wp-json\/wp\/v2\/product_cat?post=92345"},{"taxonomy":"product_tag","embeddable":true,"href":"https:\/\/www.veneciacr.com\/index.php\/wp-json\/wp\/v2\/product_tag?post=92345"}],"curies":[{"name":"wp","href":"https:\/\/api.w.org\/{rel}","templated":true}]}}