{"id":92328,"date":"2026-04-21T02:27:34","date_gmt":"2026-04-21T08:27:34","guid":{"rendered":"https:\/\/www.veneciacr.com\/index.php\/producto\/silicon-rojo-alta-temp-85g-alte-r-truper\/"},"modified":"2026-04-21T02:27:35","modified_gmt":"2026-04-21T08:27:35","slug":"silicon-rojo-rtv-85g-alte-r-truper","status":"publish","type":"product","link":"https:\/\/www.veneciacr.com\/index.php\/producto\/silicon-rojo-rtv-85g-alte-r-truper\/","title":{"rendered":"SILICON ROJO RTV 85G ALTE-R TRUPER"},"content":{"rendered":"<p>No flamable, no presenta cuarteaduras despu\u00e9s del secado<br \/>\nVulcanizan a temperatura ambiente<br \/>\nSe mantienen flexibles aun despu\u00e9s de su aplicaci\u00f3n<br \/>\nEvita fugas y filtraciones<br \/>\nBaja volatilidad y alta resistencia el\u00e9ctrica<\/p>\n<p>ESPECIFICACIONES<br \/>\nColor: Rojo<br \/>\nRango de temperatura: -50\u00b0C a 250\u00b0C<br \/>\nTiempo de secado al tacto: 15 min<br \/>\nTiempo de curado: 48 h<br \/>\nElasticidad: 3<br \/>\nRendimiento lineal: 7 m<br \/>\nContenido neto: 85 g<\/p>\n","protected":false},"excerpt":{"rendered":"<p>No flamable, no presenta cuarteaduras despu\u00e9s del secado Vulcanizan a temperatura ambiente Se mantienen flexibles aun despu\u00e9s de su aplicaci\u00f3n<\/p>\n","protected":false},"featured_media":92329,"comment_status":"closed","ping_status":"open","template":"","meta":[],"product_brand":[],"product_cat":[15],"product_tag":[],"class_list":{"0":"post-92328","1":"product","2":"type-product","3":"status-publish","4":"has-post-thumbnail","6":"product_cat-uncategorized","8":"first","9":"outofstock","10":"purchasable","11":"product-type-simple"},"jetpack_sharing_enabled":true,"_links":{"self":[{"href":"https:\/\/www.veneciacr.com\/index.php\/wp-json\/wp\/v2\/product\/92328","targetHints":{"allow":["GET"]}}],"collection":[{"href":"https:\/\/www.veneciacr.com\/index.php\/wp-json\/wp\/v2\/product"}],"about":[{"href":"https:\/\/www.veneciacr.com\/index.php\/wp-json\/wp\/v2\/types\/product"}],"replies":[{"embeddable":true,"href":"https:\/\/www.veneciacr.com\/index.php\/wp-json\/wp\/v2\/comments?post=92328"}],"wp:featuredmedia":[{"embeddable":true,"href":"https:\/\/www.veneciacr.com\/index.php\/wp-json\/wp\/v2\/media\/92329"}],"wp:attachment":[{"href":"https:\/\/www.veneciacr.com\/index.php\/wp-json\/wp\/v2\/media?parent=92328"}],"wp:term":[{"taxonomy":"product_brand","embeddable":true,"href":"https:\/\/www.veneciacr.com\/index.php\/wp-json\/wp\/v2\/product_brand?post=92328"},{"taxonomy":"product_cat","embeddable":true,"href":"https:\/\/www.veneciacr.com\/index.php\/wp-json\/wp\/v2\/product_cat?post=92328"},{"taxonomy":"product_tag","embeddable":true,"href":"https:\/\/www.veneciacr.com\/index.php\/wp-json\/wp\/v2\/product_tag?post=92328"}],"curies":[{"name":"wp","href":"https:\/\/api.w.org\/{rel}","templated":true}]}}