{"id":92248,"date":"2026-04-21T04:23:44","date_gmt":"2026-04-21T10:23:44","guid":{"rendered":"https:\/\/www.veneciacr.com\/index.php\/producto\/flanger-flexible-largo-4-pb-300-coflex\/"},"modified":"2026-04-21T04:23:44","modified_gmt":"2026-04-21T10:23:44","slug":"flanger-flexible-larga-4-pb-300-coflex","status":"publish","type":"product","link":"https:\/\/www.veneciacr.com\/index.php\/producto\/flanger-flexible-larga-4-pb-300-coflex\/","title":{"rendered":"FLANGER FLEXIBLE LARGA 4&#8243; PB-300 COFLEX"},"content":{"rendered":"<p>Para tuber\u00eda de PVC, se adapta a tuber\u00edas ovaladas<br \/>\nSello herm\u00e9tico que evita filtraciones y el retorno de malos olores<br \/>\nCorrige desfasamientos de hasta 5 cm<br \/>\nLarga vida \u00fatil<\/p>\n<p><strong>Ahora m\u00e1s PROFESIONAL<\/strong><\/p>\n<ul>\n<li>Plato m\u00e1s resistente y con mayor contraste<\/li>\n<li>8 orificios de fijaci\u00f3n<\/li>\n<li>Aleta de sello auxiliar<\/li>\n<li>4 puntos de sello a distintas alturas<\/li>\n<li>Secci\u00f3n corrugada m\u00e1s amplia y flexible<\/li>\n<li>Gu\u00edas de corte de acuerdo a la instalaci\u00f3n<\/li>\n<\/ul>\n<p>Patentes: 286,520 \/ 7,814,580 \/ 1754 \/ 3119 \/ 49,750 \/ Otras patentes en tr\u00e1mite<\/p>\n","protected":false},"excerpt":{"rendered":"<p>Para tuber\u00eda de PVC, se adapta a tuber\u00edas ovaladas Sello herm\u00e9tico que evita filtraciones y el retorno de malos olores<\/p>\n","protected":false},"featured_media":92249,"comment_status":"closed","ping_status":"open","template":"","meta":[],"product_brand":[],"product_cat":[29],"product_tag":[],"class_list":{"0":"post-92248","1":"product","2":"type-product","3":"status-publish","4":"has-post-thumbnail","6":"product_cat-plomeria","8":"first","9":"instock","10":"purchasable","11":"product-type-simple"},"jetpack_sharing_enabled":true,"_links":{"self":[{"href":"https:\/\/www.veneciacr.com\/index.php\/wp-json\/wp\/v2\/product\/92248","targetHints":{"allow":["GET"]}}],"collection":[{"href":"https:\/\/www.veneciacr.com\/index.php\/wp-json\/wp\/v2\/product"}],"about":[{"href":"https:\/\/www.veneciacr.com\/index.php\/wp-json\/wp\/v2\/types\/product"}],"replies":[{"embeddable":true,"href":"https:\/\/www.veneciacr.com\/index.php\/wp-json\/wp\/v2\/comments?post=92248"}],"wp:featuredmedia":[{"embeddable":true,"href":"https:\/\/www.veneciacr.com\/index.php\/wp-json\/wp\/v2\/media\/92249"}],"wp:attachment":[{"href":"https:\/\/www.veneciacr.com\/index.php\/wp-json\/wp\/v2\/media?parent=92248"}],"wp:term":[{"taxonomy":"product_brand","embeddable":true,"href":"https:\/\/www.veneciacr.com\/index.php\/wp-json\/wp\/v2\/product_brand?post=92248"},{"taxonomy":"product_cat","embeddable":true,"href":"https:\/\/www.veneciacr.com\/index.php\/wp-json\/wp\/v2\/product_cat?post=92248"},{"taxonomy":"product_tag","embeddable":true,"href":"https:\/\/www.veneciacr.com\/index.php\/wp-json\/wp\/v2\/product_tag?post=92248"}],"curies":[{"name":"wp","href":"https:\/\/api.w.org\/{rel}","templated":true}]}}