{"id":92227,"date":"2026-04-21T02:30:14","date_gmt":"2026-04-21T08:30:14","guid":{"rendered":"https:\/\/www.veneciacr.com\/index.php\/producto\/valvula-cilindro-rosca-izquierda-vgc-560-foset\/"},"modified":"2026-04-21T02:30:15","modified_gmt":"2026-04-21T08:30:15","slug":"valvula-cilindro-rosca-izquierda-vgc-560-foset","status":"publish","type":"product","link":"https:\/\/www.veneciacr.com\/index.php\/producto\/valvula-cilindro-rosca-izquierda-vgc-560-foset\/","title":{"rendered":"VALVULA CILINDRO ROSCA IZQUIERDA VGC-560 FOSET"},"content":{"rendered":"<p>Cuerpo de lat\u00f3n para m\u00e1xima duraci\u00f3n<\/p>\n<p>Sello de NBR<\/p>\n<p>Maneral de aluminio<\/p>\n<p>Liberaci\u00f3n de sobrepresi\u00f3n<\/p>\n<p>Conexi\u00f3n roscada de servicio para tuerca izquierda de 7\/8&#8243; y punta pol<\/p>\n<div class=\"col-6\">\n<div class=\"table-responsive tabla_border\">\n<table class=\"table table-bordered table_info_prod align-middle m-0\">\n<tbody>\n<tr id=\"tabla_especs\">\n<th class=\"tamanio_th_especs\" scope=\"row\">\n<p class=\"margen_tabla_especs\">Presi\u00f3n m\u00e1xima<\/p>\n<\/th>\n<td>\n<p class=\"margen_tabla_especs\">2,068 kPa (300 PSI)<\/p>\n<\/td>\n<\/tr>\n<tr id=\"tabla_especs\">\n<th class=\"tamanio_th_especs\" scope=\"row\">\n<p class=\"margen_tabla_especs\">Conexi\u00f3n a cilindro<\/p>\n<\/th>\n<td>\n<p class=\"margen_tabla_especs\">3\/4&#8243; &#8211; 14 NPT<\/p>\n<\/td>\n<\/tr>\n<tr id=\"tabla_especs\">\n<th class=\"tamanio_th_especs\" scope=\"row\">\n<p class=\"margen_tabla_especs\">Empaque individual<\/p>\n<\/th>\n<td>\n<p class=\"margen_tabla_especs\">Bolsa<\/p>\n<\/td>\n<\/tr>\n<tr id=\"tabla_especs\">\n<th class=\"tamanio_th_especs\" scope=\"row\"><\/th>\n<td><\/td>\n<\/tr>\n<\/tbody>\n<\/table>\n<\/div>\n<\/div>\n<div class=\"col-6\">\n<div class=\"table-responsive tabla_border\">\n<table class=\"table table-bordered table_info_prod align-middle m-0\">\n<tbody>\n<tr id=\"tabla_especs\">\n<th class=\"tamanio_th_especs\" scope=\"row\">\n<p class=\"margen_tabla_especs\">Capacidad de flujo<\/p>\n<\/th>\n<td>\n<p class=\"margen_tabla_especs\">10 m\u00b3\/min<\/p>\n<\/td>\n<\/tr>\n<tr id=\"tabla_especs\">\n<th class=\"tamanio_th_especs\" scope=\"row\">\n<p class=\"margen_tabla_especs\">Conexi\u00f3n para servicio<\/p>\n<\/th>\n<td>\n<p class=\"margen_tabla_especs\">7\/8&#8243;<\/p>\n<\/td>\n<\/tr>\n<\/tbody>\n<\/table>\n<\/div>\n<\/div>\n","protected":false},"excerpt":{"rendered":"<p>Cuerpo de lat\u00f3n para m\u00e1xima duraci\u00f3n Sello de NBR Maneral de aluminio Liberaci\u00f3n de sobrepresi\u00f3n Conexi\u00f3n roscada de servicio para<\/p>\n","protected":false},"featured_media":92228,"comment_status":"closed","ping_status":"open","template":"","meta":[],"product_brand":[],"product_cat":[15],"product_tag":[],"class_list":{"0":"post-92227","1":"product","2":"type-product","3":"status-publish","4":"has-post-thumbnail","6":"product_cat-uncategorized","8":"first","9":"instock","10":"purchasable","11":"product-type-simple"},"jetpack_sharing_enabled":true,"_links":{"self":[{"href":"https:\/\/www.veneciacr.com\/index.php\/wp-json\/wp\/v2\/product\/92227","targetHints":{"allow":["GET"]}}],"collection":[{"href":"https:\/\/www.veneciacr.com\/index.php\/wp-json\/wp\/v2\/product"}],"about":[{"href":"https:\/\/www.veneciacr.com\/index.php\/wp-json\/wp\/v2\/types\/product"}],"replies":[{"embeddable":true,"href":"https:\/\/www.veneciacr.com\/index.php\/wp-json\/wp\/v2\/comments?post=92227"}],"wp:featuredmedia":[{"embeddable":true,"href":"https:\/\/www.veneciacr.com\/index.php\/wp-json\/wp\/v2\/media\/92228"}],"wp:attachment":[{"href":"https:\/\/www.veneciacr.com\/index.php\/wp-json\/wp\/v2\/media?parent=92227"}],"wp:term":[{"taxonomy":"product_brand","embeddable":true,"href":"https:\/\/www.veneciacr.com\/index.php\/wp-json\/wp\/v2\/product_brand?post=92227"},{"taxonomy":"product_cat","embeddable":true,"href":"https:\/\/www.veneciacr.com\/index.php\/wp-json\/wp\/v2\/product_cat?post=92227"},{"taxonomy":"product_tag","embeddable":true,"href":"https:\/\/www.veneciacr.com\/index.php\/wp-json\/wp\/v2\/product_tag?post=92227"}],"curies":[{"name":"wp","href":"https:\/\/api.w.org\/{rel}","templated":true}]}}