{"id":92225,"date":"2026-04-21T02:30:14","date_gmt":"2026-04-21T08:30:14","guid":{"rendered":"https:\/\/www.veneciacr.com\/index.php\/producto\/destornilladorjoyero-plano-1-8mm-joy-p18-truper\/"},"modified":"2026-04-21T02:30:14","modified_gmt":"2026-04-21T08:30:14","slug":"destornillador-joyero-plano-1-8mm-joy-p18-truper","status":"publish","type":"product","link":"https:\/\/www.veneciacr.com\/index.php\/producto\/destornillador-joyero-plano-1-8mm-joy-p18-truper\/","title":{"rendered":"DESTORNILLADOR JOYERO PLANO 1.8MM JOY-P18 TRUPER"},"content":{"rendered":"<p>Desarmador de precisi\u00f3n plano de 1.8 mm mango ergon\u00f3mico<br \/>\nPunta de acero S2, 2X m\u00e1s resistente al desgaste que las de acero al cromo<br \/>\nMaquinado de precisi\u00f3n para un ajuste exacto<br \/>\nCabeza extralarga para diferentes posiciones y giro suave<br \/>\nMarcado superior para f\u00e1cil identificaci\u00f3n de medida y punta<br \/>\nMango ergon\u00f3mico con tapa rotativa, que facilita el giro y permite mayor control en trabajos de electr\u00f3nica y de precisi\u00f3n<\/p>\n<p>Especificaciones<br \/>\nMedida 1.8 mm<br \/>\nLargo barra 40 mm<br \/>\nLargo desarmador 135 mm<br \/>\nEmpaque individual Bl\u00edster<\/p>\n","protected":false},"excerpt":{"rendered":"<p>Desarmador de precisi\u00f3n plano de 1.8 mm mango ergon\u00f3mico Punta de acero S2, 2X m\u00e1s resistente al desgaste que las<\/p>\n","protected":false},"featured_media":92226,"comment_status":"closed","ping_status":"open","template":"","meta":[],"product_brand":[],"product_cat":[23,24],"product_tag":[],"class_list":{"0":"post-92225","1":"product","2":"type-product","3":"status-publish","4":"has-post-thumbnail","6":"product_cat-herramientas","7":"product_cat-herramientas-manuales","9":"first","10":"instock","11":"purchasable","12":"product-type-simple"},"jetpack_sharing_enabled":true,"_links":{"self":[{"href":"https:\/\/www.veneciacr.com\/index.php\/wp-json\/wp\/v2\/product\/92225","targetHints":{"allow":["GET"]}}],"collection":[{"href":"https:\/\/www.veneciacr.com\/index.php\/wp-json\/wp\/v2\/product"}],"about":[{"href":"https:\/\/www.veneciacr.com\/index.php\/wp-json\/wp\/v2\/types\/product"}],"replies":[{"embeddable":true,"href":"https:\/\/www.veneciacr.com\/index.php\/wp-json\/wp\/v2\/comments?post=92225"}],"wp:featuredmedia":[{"embeddable":true,"href":"https:\/\/www.veneciacr.com\/index.php\/wp-json\/wp\/v2\/media\/92226"}],"wp:attachment":[{"href":"https:\/\/www.veneciacr.com\/index.php\/wp-json\/wp\/v2\/media?parent=92225"}],"wp:term":[{"taxonomy":"product_brand","embeddable":true,"href":"https:\/\/www.veneciacr.com\/index.php\/wp-json\/wp\/v2\/product_brand?post=92225"},{"taxonomy":"product_cat","embeddable":true,"href":"https:\/\/www.veneciacr.com\/index.php\/wp-json\/wp\/v2\/product_cat?post=92225"},{"taxonomy":"product_tag","embeddable":true,"href":"https:\/\/www.veneciacr.com\/index.php\/wp-json\/wp\/v2\/product_tag?post=92225"}],"curies":[{"name":"wp","href":"https:\/\/api.w.org\/{rel}","templated":true}]}}