{"id":92217,"date":"2026-04-21T02:30:11","date_gmt":"2026-04-21T08:30:11","guid":{"rendered":"https:\/\/www.veneciacr.com\/index.php\/producto\/destornilladorjoyero-ph1-joy-c1-truper\/"},"modified":"2026-04-21T02:30:12","modified_gmt":"2026-04-21T08:30:12","slug":"destornillador-joyero-ph1-joy-c1-truper","status":"publish","type":"product","link":"https:\/\/www.veneciacr.com\/index.php\/producto\/destornillador-joyero-ph1-joy-c1-truper\/","title":{"rendered":"DESTORNILLADOR JOYERO PH1 JOY-C1 TRUPER"},"content":{"rendered":"<p>Puntas de acero S2, 2X m\u00e1s resistente al desgaste que las de acero al cromo<br \/>\nMaquinado de precisi\u00f3n para un ajuste exacto<br \/>\nCabeza extralarga para diferentes posiciones y giro suave<br \/>\nMarcado superior para f\u00e1cil identificaci\u00f3n de medida y punta<br \/>\nMango ergon\u00f3mico con tapa rotativa, que facilita el giro y permite mayor control en trabajos de electr\u00f3nica y de precisi\u00f3n<\/p>\n<p>Desarmadores de joyero de cruz, mango ergon\u00f3mico<br \/>\nMedida<\/p>\n<p>C\u00f3digos y Claves de familia<br \/>\nFicha familia<br \/>\nPuntas de acero S2, 2X m\u00e1s resistente al desgaste que las de acero al cromo<br \/>\nMaquinado de precisi\u00f3n para un ajuste exacto<br \/>\nCabeza extralarga para diferentes posiciones y giro suave<br \/>\nMarcado superior para f\u00e1cil identificaci\u00f3n de medida y punta<br \/>\nMango ergon\u00f3mico con tapa rotativa, que facilita el giro y permite mayor control en trabajos de electr\u00f3nica y de precisi\u00f3n<\/p>\n","protected":false},"excerpt":{"rendered":"<p>Puntas de acero S2, 2X m\u00e1s resistente al desgaste que las de acero al cromo Maquinado de precisi\u00f3n para un<\/p>\n","protected":false},"featured_media":92218,"comment_status":"closed","ping_status":"open","template":"","meta":[],"product_brand":[],"product_cat":[15],"product_tag":[],"class_list":{"0":"post-92217","1":"product","2":"type-product","3":"status-publish","4":"has-post-thumbnail","6":"product_cat-uncategorized","8":"first","9":"instock","10":"purchasable","11":"product-type-simple"},"jetpack_sharing_enabled":true,"_links":{"self":[{"href":"https:\/\/www.veneciacr.com\/index.php\/wp-json\/wp\/v2\/product\/92217","targetHints":{"allow":["GET"]}}],"collection":[{"href":"https:\/\/www.veneciacr.com\/index.php\/wp-json\/wp\/v2\/product"}],"about":[{"href":"https:\/\/www.veneciacr.com\/index.php\/wp-json\/wp\/v2\/types\/product"}],"replies":[{"embeddable":true,"href":"https:\/\/www.veneciacr.com\/index.php\/wp-json\/wp\/v2\/comments?post=92217"}],"wp:featuredmedia":[{"embeddable":true,"href":"https:\/\/www.veneciacr.com\/index.php\/wp-json\/wp\/v2\/media\/92218"}],"wp:attachment":[{"href":"https:\/\/www.veneciacr.com\/index.php\/wp-json\/wp\/v2\/media?parent=92217"}],"wp:term":[{"taxonomy":"product_brand","embeddable":true,"href":"https:\/\/www.veneciacr.com\/index.php\/wp-json\/wp\/v2\/product_brand?post=92217"},{"taxonomy":"product_cat","embeddable":true,"href":"https:\/\/www.veneciacr.com\/index.php\/wp-json\/wp\/v2\/product_cat?post=92217"},{"taxonomy":"product_tag","embeddable":true,"href":"https:\/\/www.veneciacr.com\/index.php\/wp-json\/wp\/v2\/product_tag?post=92217"}],"curies":[{"name":"wp","href":"https:\/\/api.w.org\/{rel}","templated":true}]}}