{"id":92211,"date":"2026-04-22T01:52:01","date_gmt":"2026-04-22T07:52:01","guid":{"rendered":"https:\/\/www.veneciacr.com\/index.php\/producto\/cachera-fregadero-palanca-negro-tbf-82m-foset\/"},"modified":"2026-04-22T01:52:01","modified_gmt":"2026-04-22T07:52:01","slug":"cachera-fregadero-palanca-negro-tbf-82m-foset","status":"publish","type":"product","link":"https:\/\/www.veneciacr.com\/index.php\/producto\/cachera-fregadero-palanca-negro-tbf-82m-foset\/","title":{"rendered":"CACHERA FREGADERO PALANCA NEGRO TBF-82M FOSET"},"content":{"rendered":"<p>Cuerpo de lat\u00f3n para m\u00e1xima duraci\u00f3n<\/p>\n<p>Manerales met\u00e1licos tipo palanca<\/p>\n<p>Cuello y cubierta de acero inoxidable<\/p>\n<p>Cartucho cer\u00e1mico 90\u00b0 de suave y f\u00e1cil apertura (CARCE-4)<\/p>\n<p>Vivienda ecol\u00f3gica<\/p>\n<div class=\"col-6\">\n<div class=\"table-responsive tabla_border\">\n<table class=\"table table-bordered table_info_prod align-middle m-0\">\n<tbody>\n<tr id=\"tabla_especs\">\n<th class=\"tamanio_th_especs\" scope=\"row\">\n<p class=\"margen_tabla_especs\">Acabado<\/p>\n<\/th>\n<td>\n<p class=\"margen_tabla_especs\">Negro mate<\/p>\n<\/td>\n<\/tr>\n<tr id=\"tabla_especs\">\n<th class=\"tamanio_th_especs\" scope=\"row\">\n<p class=\"margen_tabla_especs\">Presi\u00f3n de trabajo m\u00ednima<\/p>\n<\/th>\n<td>\n<p class=\"margen_tabla_especs\">0.25 kgf\/cm\u00b2<\/p>\n<\/td>\n<\/tr>\n<tr id=\"tabla_especs\">\n<th class=\"tamanio_th_especs\" scope=\"row\">\n<p class=\"margen_tabla_especs\">Dimensiones de la cubierta<\/p>\n<\/th>\n<td>\n<p class=\"margen_tabla_especs\">5 cm x 25 cm<\/p>\n<\/td>\n<\/tr>\n<tr id=\"tabla_especs\">\n<th class=\"tamanio_th_especs\" scope=\"row\">\n<p class=\"margen_tabla_especs\">Empaque individual<\/p>\n<\/th>\n<td>\n<p class=\"margen_tabla_especs\">Caja<\/p>\n<\/td>\n<\/tr>\n<tr id=\"tabla_especs\">\n<th class=\"tamanio_th_especs\" scope=\"row\"><\/th>\n<td><\/td>\n<\/tr>\n<\/tbody>\n<\/table>\n<\/div>\n<\/div>\n<div class=\"col-6\">\n<div class=\"table-responsive tabla_border\">\n<table class=\"table table-bordered table_info_prod align-middle m-0\">\n<tbody>\n<tr id=\"tabla_especs\">\n<th class=\"tamanio_th_especs\" scope=\"row\">\n<p class=\"margen_tabla_especs\">Distancia entre taladros<\/p>\n<\/th>\n<td>\n<p class=\"margen_tabla_especs\">8&#8243;<\/p>\n<\/td>\n<\/tr>\n<tr id=\"tabla_especs\">\n<th class=\"tamanio_th_especs\" scope=\"row\">\n<p class=\"margen_tabla_especs\">Conexi\u00f3n roscable<\/p>\n<\/th>\n<td>\n<p class=\"margen_tabla_especs\">1\/2&#8243; &#8211; 14 NPSM<\/p>\n<\/td>\n<\/tr>\n<tr id=\"tabla_especs\">\n<th class=\"tamanio_th_especs\" scope=\"row\">\n<p class=\"margen_tabla_especs\">Peso<\/p>\n<\/th>\n<td>\n<p class=\"margen_tabla_especs\">725\u00a0g<\/p>\n<\/td>\n<\/tr>\n<\/tbody>\n<\/table>\n<\/div>\n<\/div>\n","protected":false},"excerpt":{"rendered":"<p>Cuerpo de lat\u00f3n para m\u00e1xima duraci\u00f3n Manerales met\u00e1licos tipo palanca Cuello y cubierta de acero inoxidable Cartucho cer\u00e1mico 90\u00b0 de<\/p>\n","protected":false},"featured_media":92212,"comment_status":"closed","ping_status":"open","template":"","meta":[],"product_brand":[],"product_cat":[163,29],"product_tag":[],"class_list":{"0":"post-92211","1":"product","2":"type-product","3":"status-publish","4":"has-post-thumbnail","6":"product_cat-llaves-de-fregadero","7":"product_cat-plomeria","9":"first","10":"instock","11":"purchasable","12":"product-type-simple"},"jetpack_sharing_enabled":true,"_links":{"self":[{"href":"https:\/\/www.veneciacr.com\/index.php\/wp-json\/wp\/v2\/product\/92211","targetHints":{"allow":["GET"]}}],"collection":[{"href":"https:\/\/www.veneciacr.com\/index.php\/wp-json\/wp\/v2\/product"}],"about":[{"href":"https:\/\/www.veneciacr.com\/index.php\/wp-json\/wp\/v2\/types\/product"}],"replies":[{"embeddable":true,"href":"https:\/\/www.veneciacr.com\/index.php\/wp-json\/wp\/v2\/comments?post=92211"}],"wp:featuredmedia":[{"embeddable":true,"href":"https:\/\/www.veneciacr.com\/index.php\/wp-json\/wp\/v2\/media\/92212"}],"wp:attachment":[{"href":"https:\/\/www.veneciacr.com\/index.php\/wp-json\/wp\/v2\/media?parent=92211"}],"wp:term":[{"taxonomy":"product_brand","embeddable":true,"href":"https:\/\/www.veneciacr.com\/index.php\/wp-json\/wp\/v2\/product_brand?post=92211"},{"taxonomy":"product_cat","embeddable":true,"href":"https:\/\/www.veneciacr.com\/index.php\/wp-json\/wp\/v2\/product_cat?post=92211"},{"taxonomy":"product_tag","embeddable":true,"href":"https:\/\/www.veneciacr.com\/index.php\/wp-json\/wp\/v2\/product_tag?post=92211"}],"curies":[{"name":"wp","href":"https:\/\/api.w.org\/{rel}","templated":true}]}}