{"id":92125,"date":"2026-04-21T02:30:50","date_gmt":"2026-04-21T08:30:50","guid":{"rendered":"https:\/\/www.veneciacr.com\/index.php\/producto\/esmeriladora-4-1-2-950w-utg1091156-total\/"},"modified":"2026-04-21T02:30:51","modified_gmt":"2026-04-21T08:30:51","slug":"esmeriladora-4-1-2-900w-utg1091156-5563-total","status":"publish","type":"product","link":"https:\/\/www.veneciacr.com\/index.php\/producto\/esmeriladora-4-1-2-900w-utg1091156-5563-total\/","title":{"rendered":"ESMERILADORA 4 1\/2&#8243; 900W UTG1091156\/5563 TOTAL"},"content":{"rendered":"<p>-Caracter\u00edsticas: Spindle lock permite cambio de discos f\u00e1cilmente.<\/p>\n<p>-Di\u00e1metro de disco: 4 1\/2\u201d \u2013 115 mm.<\/p>\n<p>-Encendido: El\u00e9ctrico de slide.<\/p>\n<p>-Estilo de Mango: Mango auxiliar ergon\u00f3mico.<\/p>\n<p>-Peso (Kg): 2.72 Kg.<\/p>\n<p>-Eje roscado de 5\/8.<\/p>\n<p>-Potencia: 900W .<\/p>\n<p>-RPM: 11000.<\/p>\n<p>-Velocidad de impacto (BPM): 2<\/p>\n<p>-Acabado: Mate<\/p>\n","protected":false},"excerpt":{"rendered":"<p>-Caracter\u00edsticas: Spindle lock permite cambio de discos f\u00e1cilmente. -Di\u00e1metro de disco: 4 1\/2\u201d \u2013 115 mm. -Encendido: El\u00e9ctrico de slide.<\/p>\n","protected":false},"featured_media":92126,"comment_status":"closed","ping_status":"open","template":"","meta":[],"product_brand":[],"product_cat":[23,87],"product_tag":[],"class_list":{"0":"post-92125","1":"product","2":"type-product","3":"status-publish","4":"has-post-thumbnail","6":"product_cat-herramientas","7":"product_cat-herramientas-electricas","9":"first","10":"outofstock","11":"purchasable","12":"product-type-simple"},"jetpack_sharing_enabled":true,"_links":{"self":[{"href":"https:\/\/www.veneciacr.com\/index.php\/wp-json\/wp\/v2\/product\/92125","targetHints":{"allow":["GET"]}}],"collection":[{"href":"https:\/\/www.veneciacr.com\/index.php\/wp-json\/wp\/v2\/product"}],"about":[{"href":"https:\/\/www.veneciacr.com\/index.php\/wp-json\/wp\/v2\/types\/product"}],"replies":[{"embeddable":true,"href":"https:\/\/www.veneciacr.com\/index.php\/wp-json\/wp\/v2\/comments?post=92125"}],"wp:featuredmedia":[{"embeddable":true,"href":"https:\/\/www.veneciacr.com\/index.php\/wp-json\/wp\/v2\/media\/92126"}],"wp:attachment":[{"href":"https:\/\/www.veneciacr.com\/index.php\/wp-json\/wp\/v2\/media?parent=92125"}],"wp:term":[{"taxonomy":"product_brand","embeddable":true,"href":"https:\/\/www.veneciacr.com\/index.php\/wp-json\/wp\/v2\/product_brand?post=92125"},{"taxonomy":"product_cat","embeddable":true,"href":"https:\/\/www.veneciacr.com\/index.php\/wp-json\/wp\/v2\/product_cat?post=92125"},{"taxonomy":"product_tag","embeddable":true,"href":"https:\/\/www.veneciacr.com\/index.php\/wp-json\/wp\/v2\/product_tag?post=92125"}],"curies":[{"name":"wp","href":"https:\/\/api.w.org\/{rel}","templated":true}]}}