{"id":92123,"date":"2026-04-21T02:30:50","date_gmt":"2026-04-21T08:30:50","guid":{"rendered":"https:\/\/www.veneciacr.com\/index.php\/producto\/tope-puerta-magnetico-bronce-toma-2-hermex\/"},"modified":"2026-04-21T02:30:50","modified_gmt":"2026-04-21T08:30:50","slug":"tope-puerta-magnetico-bronce-toma-2-hermex","status":"publish","type":"product","link":"https:\/\/www.veneciacr.com\/index.php\/producto\/tope-puerta-magnetico-bronce-toma-2-hermex\/","title":{"rendered":"TOPE PUERTA MAGNETICO BRONCE TOMA-2 HERMEX"},"content":{"rendered":"<p>Met\u00e1lico, acabado lat\u00f3n antiguo<\/p>\n<p>Magn\u00e9tico<\/p>\n<p>F\u00e1cil instalaci\u00f3n<\/p>\n<p>Mantiene la puerta abierta<\/p>\n<p>Ayuda a prevenir da\u00f1os en la puerta y pared<\/p>\n","protected":false},"excerpt":{"rendered":"<p>Met\u00e1lico, acabado lat\u00f3n antiguo Magn\u00e9tico F\u00e1cil instalaci\u00f3n Mantiene la puerta abierta Ayuda a prevenir da\u00f1os en la puerta y pared<\/p>\n","protected":false},"featured_media":92124,"comment_status":"closed","ping_status":"open","template":"","meta":[],"product_brand":[],"product_cat":[15],"product_tag":[],"class_list":{"0":"post-92123","1":"product","2":"type-product","3":"status-publish","4":"has-post-thumbnail","6":"product_cat-uncategorized","8":"first","9":"instock","10":"purchasable","11":"product-type-simple"},"jetpack_sharing_enabled":true,"_links":{"self":[{"href":"https:\/\/www.veneciacr.com\/index.php\/wp-json\/wp\/v2\/product\/92123","targetHints":{"allow":["GET"]}}],"collection":[{"href":"https:\/\/www.veneciacr.com\/index.php\/wp-json\/wp\/v2\/product"}],"about":[{"href":"https:\/\/www.veneciacr.com\/index.php\/wp-json\/wp\/v2\/types\/product"}],"replies":[{"embeddable":true,"href":"https:\/\/www.veneciacr.com\/index.php\/wp-json\/wp\/v2\/comments?post=92123"}],"wp:featuredmedia":[{"embeddable":true,"href":"https:\/\/www.veneciacr.com\/index.php\/wp-json\/wp\/v2\/media\/92124"}],"wp:attachment":[{"href":"https:\/\/www.veneciacr.com\/index.php\/wp-json\/wp\/v2\/media?parent=92123"}],"wp:term":[{"taxonomy":"product_brand","embeddable":true,"href":"https:\/\/www.veneciacr.com\/index.php\/wp-json\/wp\/v2\/product_brand?post=92123"},{"taxonomy":"product_cat","embeddable":true,"href":"https:\/\/www.veneciacr.com\/index.php\/wp-json\/wp\/v2\/product_cat?post=92123"},{"taxonomy":"product_tag","embeddable":true,"href":"https:\/\/www.veneciacr.com\/index.php\/wp-json\/wp\/v2\/product_tag?post=92123"}],"curies":[{"name":"wp","href":"https:\/\/api.w.org\/{rel}","templated":true}]}}