{"id":92071,"date":"2026-04-29T02:06:18","date_gmt":"2026-04-29T08:06:18","guid":{"rendered":"https:\/\/www.veneciacr.com\/index.php\/producto\/regleta-8-tomas-mul-8-volteck\/"},"modified":"2026-04-29T02:06:19","modified_gmt":"2026-04-29T08:06:19","slug":"regleta-8-tomas-mul-8-volteck","status":"publish","type":"product","link":"https:\/\/www.veneciacr.com\/index.php\/producto\/regleta-8-tomas-mul-8-volteck\/","title":{"rendered":"REGLETA 8 TOMAS MUL-8 VOLTECK"},"content":{"rendered":"<p>N\u00famero de contactos 8<br \/>\nCalibre 14 AWG<br \/>\nLongitud de cable 50 cm<br \/>\nTensi\u00f3n de alimentaci\u00f3n 125 V<br \/>\nFrecuencia de operaci\u00f3n 60 Hz<br \/>\nCorriente 15 A<br \/>\nPotencia 1,875 W<br \/>\nEmpaque Funda<\/p>\n<p>CARACTER\u00cdSTICAS<br \/>\nCuerpo fabricado en ABS resistente a impactos<br \/>\n60% m\u00e1s cobre que los multicontactos de calibre 16 para soportar una mayor carga sin calentarse<br \/>\nInterruptor con luz<br \/>\nPolarizado y aterrizado<\/p>\n","protected":false},"excerpt":{"rendered":"<p>N\u00famero de contactos 8 Calibre 14 AWG Longitud de cable 50 cm Tensi\u00f3n de alimentaci\u00f3n 125 V Frecuencia de operaci\u00f3n<\/p>\n","protected":false},"featured_media":92072,"comment_status":"closed","ping_status":"open","template":"","meta":[],"product_brand":[],"product_cat":[15],"product_tag":[],"class_list":{"0":"post-92071","1":"product","2":"type-product","3":"status-publish","4":"has-post-thumbnail","6":"product_cat-uncategorized","8":"first","9":"instock","10":"purchasable","11":"product-type-simple"},"jetpack_sharing_enabled":true,"_links":{"self":[{"href":"https:\/\/www.veneciacr.com\/index.php\/wp-json\/wp\/v2\/product\/92071","targetHints":{"allow":["GET"]}}],"collection":[{"href":"https:\/\/www.veneciacr.com\/index.php\/wp-json\/wp\/v2\/product"}],"about":[{"href":"https:\/\/www.veneciacr.com\/index.php\/wp-json\/wp\/v2\/types\/product"}],"replies":[{"embeddable":true,"href":"https:\/\/www.veneciacr.com\/index.php\/wp-json\/wp\/v2\/comments?post=92071"}],"wp:featuredmedia":[{"embeddable":true,"href":"https:\/\/www.veneciacr.com\/index.php\/wp-json\/wp\/v2\/media\/92072"}],"wp:attachment":[{"href":"https:\/\/www.veneciacr.com\/index.php\/wp-json\/wp\/v2\/media?parent=92071"}],"wp:term":[{"taxonomy":"product_brand","embeddable":true,"href":"https:\/\/www.veneciacr.com\/index.php\/wp-json\/wp\/v2\/product_brand?post=92071"},{"taxonomy":"product_cat","embeddable":true,"href":"https:\/\/www.veneciacr.com\/index.php\/wp-json\/wp\/v2\/product_cat?post=92071"},{"taxonomy":"product_tag","embeddable":true,"href":"https:\/\/www.veneciacr.com\/index.php\/wp-json\/wp\/v2\/product_tag?post=92071"}],"curies":[{"name":"wp","href":"https:\/\/api.w.org\/{rel}","templated":true}]}}