{"id":92056,"date":"2026-04-21T02:31:02","date_gmt":"2026-04-21T08:31:02","guid":{"rendered":"https:\/\/www.veneciacr.com\/index.php\/producto\/paq-amarra-plastica-47-9mm-10pzs-cin-175120-volteck\/"},"modified":"2026-04-21T02:31:03","modified_gmt":"2026-04-21T08:31:03","slug":"paq-amarra-plastica-47-9mm-10pzs-cin-175120-volteck","status":"publish","type":"product","link":"https:\/\/www.veneciacr.com\/index.php\/producto\/paq-amarra-plastica-47-9mm-10pzs-cin-175120-volteck\/","title":{"rendered":"PAQ AMARRA PLASTICA 47&#8243; 9MM 10PZS CIN-175120 VOLTECK"},"content":{"rendered":"<p>Fabricados de nylon, para uso en exterior comercial, residencial, el\u00e9ctrico, industrial y en construcci\u00f3n<br \/>\nSeguro autom\u00e1tico<\/p>\n<p>Especificaciones<br \/>\nGenerales<br \/>\nEmpaque individual Bolsa con 10 piezas<\/p>\n<p>48988 CIN-175120 79 kg (175 lb) 120 cm 9 mm<\/p>\n","protected":false},"excerpt":{"rendered":"<p>Fabricados de nylon, para uso en exterior comercial, residencial, el\u00e9ctrico, industrial y en construcci\u00f3n Seguro autom\u00e1tico Especificaciones Generales Empaque individual<\/p>\n","protected":false},"featured_media":92057,"comment_status":"closed","ping_status":"open","template":"","meta":[],"product_brand":[],"product_cat":[15],"product_tag":[],"class_list":{"0":"post-92056","1":"product","2":"type-product","3":"status-publish","4":"has-post-thumbnail","6":"product_cat-uncategorized","8":"first","9":"outofstock","10":"purchasable","11":"product-type-simple"},"jetpack_sharing_enabled":true,"_links":{"self":[{"href":"https:\/\/www.veneciacr.com\/index.php\/wp-json\/wp\/v2\/product\/92056","targetHints":{"allow":["GET"]}}],"collection":[{"href":"https:\/\/www.veneciacr.com\/index.php\/wp-json\/wp\/v2\/product"}],"about":[{"href":"https:\/\/www.veneciacr.com\/index.php\/wp-json\/wp\/v2\/types\/product"}],"replies":[{"embeddable":true,"href":"https:\/\/www.veneciacr.com\/index.php\/wp-json\/wp\/v2\/comments?post=92056"}],"wp:featuredmedia":[{"embeddable":true,"href":"https:\/\/www.veneciacr.com\/index.php\/wp-json\/wp\/v2\/media\/92057"}],"wp:attachment":[{"href":"https:\/\/www.veneciacr.com\/index.php\/wp-json\/wp\/v2\/media?parent=92056"}],"wp:term":[{"taxonomy":"product_brand","embeddable":true,"href":"https:\/\/www.veneciacr.com\/index.php\/wp-json\/wp\/v2\/product_brand?post=92056"},{"taxonomy":"product_cat","embeddable":true,"href":"https:\/\/www.veneciacr.com\/index.php\/wp-json\/wp\/v2\/product_cat?post=92056"},{"taxonomy":"product_tag","embeddable":true,"href":"https:\/\/www.veneciacr.com\/index.php\/wp-json\/wp\/v2\/product_tag?post=92056"}],"curies":[{"name":"wp","href":"https:\/\/api.w.org\/{rel}","templated":true}]}}