{"id":92054,"date":"2026-04-21T02:31:02","date_gmt":"2026-04-21T08:31:02","guid":{"rendered":"https:\/\/www.veneciacr.com\/index.php\/producto\/paq-amarra-plastica-35-9mm-10pzs-cin-17590-volteck\/"},"modified":"2026-04-21T02:31:03","modified_gmt":"2026-04-21T08:31:03","slug":"paq-amarra-plastica-35-9mm-10pzs-cin-17590-volteck","status":"publish","type":"product","link":"https:\/\/www.veneciacr.com\/index.php\/producto\/paq-amarra-plastica-35-9mm-10pzs-cin-17590-volteck\/","title":{"rendered":"PAQ AMARRA PLASTICA 35&#8243; 9MM 10PZS CIN-17590 VOLTECK"},"content":{"rendered":"<p>Fabricados de nylon, para uso en exterior comercial, residencial, el\u00e9ctrico, industrial y en construcci\u00f3n<br \/>\nSeguro autom\u00e1tico<\/p>\n<p>Especificaciones<br \/>\nGenerales<br \/>\nEmpaque individual Bolsa con 10 piezas48987<\/p>\n<p>CIN-17590 79 kg (175 lb) 90 cm 9 mm<\/p>\n","protected":false},"excerpt":{"rendered":"<p>Fabricados de nylon, para uso en exterior comercial, residencial, el\u00e9ctrico, industrial y en construcci\u00f3n Seguro autom\u00e1tico Especificaciones Generales Empaque individual<\/p>\n","protected":false},"featured_media":97675,"comment_status":"closed","ping_status":"open","template":"","meta":[],"product_brand":[],"product_cat":[15],"product_tag":[],"class_list":{"0":"post-92054","1":"product","2":"type-product","3":"status-publish","4":"has-post-thumbnail","6":"product_cat-uncategorized","8":"first","9":"instock","10":"purchasable","11":"product-type-simple"},"jetpack_sharing_enabled":true,"_links":{"self":[{"href":"https:\/\/www.veneciacr.com\/index.php\/wp-json\/wp\/v2\/product\/92054","targetHints":{"allow":["GET"]}}],"collection":[{"href":"https:\/\/www.veneciacr.com\/index.php\/wp-json\/wp\/v2\/product"}],"about":[{"href":"https:\/\/www.veneciacr.com\/index.php\/wp-json\/wp\/v2\/types\/product"}],"replies":[{"embeddable":true,"href":"https:\/\/www.veneciacr.com\/index.php\/wp-json\/wp\/v2\/comments?post=92054"}],"wp:featuredmedia":[{"embeddable":true,"href":"https:\/\/www.veneciacr.com\/index.php\/wp-json\/wp\/v2\/media\/97675"}],"wp:attachment":[{"href":"https:\/\/www.veneciacr.com\/index.php\/wp-json\/wp\/v2\/media?parent=92054"}],"wp:term":[{"taxonomy":"product_brand","embeddable":true,"href":"https:\/\/www.veneciacr.com\/index.php\/wp-json\/wp\/v2\/product_brand?post=92054"},{"taxonomy":"product_cat","embeddable":true,"href":"https:\/\/www.veneciacr.com\/index.php\/wp-json\/wp\/v2\/product_cat?post=92054"},{"taxonomy":"product_tag","embeddable":true,"href":"https:\/\/www.veneciacr.com\/index.php\/wp-json\/wp\/v2\/product_tag?post=92054"}],"curies":[{"name":"wp","href":"https:\/\/api.w.org\/{rel}","templated":true}]}}