{"id":92022,"date":"2026-04-21T02:31:19","date_gmt":"2026-04-21T08:31:19","guid":{"rendered":"https:\/\/www.veneciacr.com\/index.php\/producto\/posicionador-de-ceramica-6-puntos-poc001-uyustools\/"},"modified":"2026-04-21T02:31:20","modified_gmt":"2026-04-21T08:31:20","slug":"posicionador-de-ceramica-6-puntos-poc001-uyustools","status":"publish","type":"product","link":"https:\/\/www.veneciacr.com\/index.php\/producto\/posicionador-de-ceramica-6-puntos-poc001-uyustools\/","title":{"rendered":"POSICIONADOR DE CERAMICA 6 PUNTOS POC001 UYUSTOOLS"},"content":{"rendered":"<div>\n<ul>\n<li>Hecha de aleaci\u00f3n de aluminio de alta calidad para larga vida<\/li>\n<li>6 brazos, 6 perillas met\u00e1licas y 1 plantillas de agujero<\/li>\n<li>Graduaciones y n\u00fameros grabados con l\u00e1ser<\/li>\n<li>Herramienta adecuada para carpinter\u00eda, ladrillo, azulejos, vidrio, piedra, laminado, construcci\u00f3n, ingenier\u00eda y mucho m\u00e1s.<\/li>\n<li>Multiusos, posicionamiento preciso.<\/li>\n<\/ul>\n<div><b>\u00a0<\/b><\/div>\n<div><b>CARACTERISTICAS<\/b>:<\/div>\n<\/div>\n<div>\n<ul>\n<li>Marca: Uyustools<\/li>\n<li>Plantillas: 01 plantillas de agujero (46mm &#8211; 41mm &#8211; 25.4mm)<\/li>\n<li>Tama\u00f1o del brazo: 174mm x 25mm<\/li>\n<\/ul>\n<div><\/div>\n<\/div>\n","protected":false},"excerpt":{"rendered":"<p>Hecha de aleaci\u00f3n de aluminio de alta calidad para larga vida 6 brazos, 6 perillas met\u00e1licas y 1 plantillas de<\/p>\n","protected":false},"featured_media":92023,"comment_status":"closed","ping_status":"open","template":"","meta":[],"product_brand":[],"product_cat":[15],"product_tag":[],"class_list":{"0":"post-92022","1":"product","2":"type-product","3":"status-publish","4":"has-post-thumbnail","6":"product_cat-uncategorized","8":"first","9":"instock","10":"purchasable","11":"product-type-simple"},"jetpack_sharing_enabled":true,"_links":{"self":[{"href":"https:\/\/www.veneciacr.com\/index.php\/wp-json\/wp\/v2\/product\/92022","targetHints":{"allow":["GET"]}}],"collection":[{"href":"https:\/\/www.veneciacr.com\/index.php\/wp-json\/wp\/v2\/product"}],"about":[{"href":"https:\/\/www.veneciacr.com\/index.php\/wp-json\/wp\/v2\/types\/product"}],"replies":[{"embeddable":true,"href":"https:\/\/www.veneciacr.com\/index.php\/wp-json\/wp\/v2\/comments?post=92022"}],"wp:featuredmedia":[{"embeddable":true,"href":"https:\/\/www.veneciacr.com\/index.php\/wp-json\/wp\/v2\/media\/92023"}],"wp:attachment":[{"href":"https:\/\/www.veneciacr.com\/index.php\/wp-json\/wp\/v2\/media?parent=92022"}],"wp:term":[{"taxonomy":"product_brand","embeddable":true,"href":"https:\/\/www.veneciacr.com\/index.php\/wp-json\/wp\/v2\/product_brand?post=92022"},{"taxonomy":"product_cat","embeddable":true,"href":"https:\/\/www.veneciacr.com\/index.php\/wp-json\/wp\/v2\/product_cat?post=92022"},{"taxonomy":"product_tag","embeddable":true,"href":"https:\/\/www.veneciacr.com\/index.php\/wp-json\/wp\/v2\/product_tag?post=92022"}],"curies":[{"name":"wp","href":"https:\/\/api.w.org\/{rel}","templated":true}]}}