{"id":91991,"date":"2026-04-21T03:59:24","date_gmt":"2026-04-21T09:59:24","guid":{"rendered":"https:\/\/www.veneciacr.com\/index.php\/producto\/paq-amarra-plastica-8-50pzs-negro-cin-4020n-volteck\/"},"modified":"2026-04-21T03:59:27","modified_gmt":"2026-04-21T09:59:27","slug":"paq-amarra-plastica-8-3-5mm-50pzs-negra-cin-4020n-volteck","status":"publish","type":"product","link":"https:\/\/www.veneciacr.com\/index.php\/producto\/paq-amarra-plastica-8-3-5mm-50pzs-negra-cin-4020n-volteck\/","title":{"rendered":"PAQ AMARRA PLASTICA 8&#8243; 3.5MM 50PZS NEGRA CIN-4020N VOLTECK"},"content":{"rendered":"<p>Tensi\u00f3n 40 lb<br \/>\nResistencia a la tensi\u00f3n 18.1 Kg<br \/>\nLongitud 20 cm<br \/>\nAncho 3.5 mm<br \/>\nN\u00famero de piezas 50<\/p>\n<p>APLICACIONES<br \/>\n\u00fatiles para bolsas de basura, equipaje, almac\u00e9n, herramientas, artesan\u00edas, campamento, jard\u00edn, mec\u00e1nica, el\u00e9ctricos y m\u00e1s<\/p>\n","protected":false},"excerpt":{"rendered":"<p>Tensi\u00f3n 40 lb Resistencia a la tensi\u00f3n 18.1 Kg Longitud 20 cm Ancho 3.5 mm N\u00famero de piezas 50 APLICACIONES<\/p>\n","protected":false},"featured_media":91992,"comment_status":"closed","ping_status":"open","template":"","meta":[],"product_brand":[],"product_cat":[15],"product_tag":[],"class_list":{"0":"post-91991","1":"product","2":"type-product","3":"status-publish","4":"has-post-thumbnail","6":"product_cat-uncategorized","8":"first","9":"outofstock","10":"purchasable","11":"product-type-simple"},"jetpack_sharing_enabled":true,"_links":{"self":[{"href":"https:\/\/www.veneciacr.com\/index.php\/wp-json\/wp\/v2\/product\/91991","targetHints":{"allow":["GET"]}}],"collection":[{"href":"https:\/\/www.veneciacr.com\/index.php\/wp-json\/wp\/v2\/product"}],"about":[{"href":"https:\/\/www.veneciacr.com\/index.php\/wp-json\/wp\/v2\/types\/product"}],"replies":[{"embeddable":true,"href":"https:\/\/www.veneciacr.com\/index.php\/wp-json\/wp\/v2\/comments?post=91991"}],"wp:featuredmedia":[{"embeddable":true,"href":"https:\/\/www.veneciacr.com\/index.php\/wp-json\/wp\/v2\/media\/91992"}],"wp:attachment":[{"href":"https:\/\/www.veneciacr.com\/index.php\/wp-json\/wp\/v2\/media?parent=91991"}],"wp:term":[{"taxonomy":"product_brand","embeddable":true,"href":"https:\/\/www.veneciacr.com\/index.php\/wp-json\/wp\/v2\/product_brand?post=91991"},{"taxonomy":"product_cat","embeddable":true,"href":"https:\/\/www.veneciacr.com\/index.php\/wp-json\/wp\/v2\/product_cat?post=91991"},{"taxonomy":"product_tag","embeddable":true,"href":"https:\/\/www.veneciacr.com\/index.php\/wp-json\/wp\/v2\/product_tag?post=91991"}],"curies":[{"name":"wp","href":"https:\/\/api.w.org\/{rel}","templated":true}]}}