{"id":91960,"date":"2026-04-21T02:31:31","date_gmt":"2026-04-21T08:31:31","guid":{"rendered":"https:\/\/www.veneciacr.com\/index.php\/producto\/pistola-electrica-silicon-1-2-38502-tolsen\/"},"modified":"2026-04-21T02:31:32","modified_gmt":"2026-04-21T08:31:32","slug":"pistola-electrica-silicon-1-2-38502-tolsen","status":"publish","type":"product","link":"https:\/\/www.veneciacr.com\/index.php\/producto\/pistola-electrica-silicon-1-2-38502-tolsen\/","title":{"rendered":"PISTOLA ELECTRICA SILICON 1\/2&#8243; 38502 TOLSEN"},"content":{"rendered":"<p>PISTOLA ELECTRICA SILICON 1\/2&#8243; 38502 TOLSEN<\/p>\n<p>\u2022 Aprobaci\u00f3n UL<br \/>\n\u2022 Potencia de entrada: 15 W\/60 W<br \/>\n\u2022 Voltaje nominal: 120 V<br \/>\n\u2022 Frecuencia: 60 Hz<br \/>\n\u2022 Capacidad de encolado: 12-18 g\/min<br \/>\n\u2022 Di\u00e1metro de la barra de pegamento: 11,2 mm<br \/>\n\u2022 Con protecci\u00f3n contra sobrecorriente<br \/>\n\u2022 PTC de alta eficiencia que ahorra un 50 % de energ\u00eda<br \/>\n\u2022 Precalentamiento r\u00e1pido en 3 minutos<br \/>\n\u2022 Dise\u00f1o antifugas<br \/>\n\u2022 Ideal para fijaci\u00f3n de adhesivos, fabricaci\u00f3n de modelos, reparaci\u00f3n, sellado y uni\u00f3n<br \/>\n\u2022 Sistema de alimentaci\u00f3n mec\u00e1nica para una medici\u00f3n sensible y una aplicaci\u00f3n r\u00e1pida<br \/>\n\u2022 Embalaje: bl\u00edster doble<\/p>\n","protected":false},"excerpt":{"rendered":"<p>PISTOLA ELECTRICA SILICON 1\/2&#8243; 38502 TOLSEN \u2022 Aprobaci\u00f3n UL \u2022 Potencia de entrada: 15 W\/60 W \u2022 Voltaje nominal: 120<\/p>\n","protected":false},"featured_media":91961,"comment_status":"closed","ping_status":"open","template":"","meta":[],"product_brand":[],"product_cat":[15],"product_tag":[],"class_list":{"0":"post-91960","1":"product","2":"type-product","3":"status-publish","4":"has-post-thumbnail","6":"product_cat-uncategorized","8":"first","9":"instock","10":"purchasable","11":"product-type-simple"},"jetpack_sharing_enabled":true,"_links":{"self":[{"href":"https:\/\/www.veneciacr.com\/index.php\/wp-json\/wp\/v2\/product\/91960","targetHints":{"allow":["GET"]}}],"collection":[{"href":"https:\/\/www.veneciacr.com\/index.php\/wp-json\/wp\/v2\/product"}],"about":[{"href":"https:\/\/www.veneciacr.com\/index.php\/wp-json\/wp\/v2\/types\/product"}],"replies":[{"embeddable":true,"href":"https:\/\/www.veneciacr.com\/index.php\/wp-json\/wp\/v2\/comments?post=91960"}],"wp:featuredmedia":[{"embeddable":true,"href":"https:\/\/www.veneciacr.com\/index.php\/wp-json\/wp\/v2\/media\/91961"}],"wp:attachment":[{"href":"https:\/\/www.veneciacr.com\/index.php\/wp-json\/wp\/v2\/media?parent=91960"}],"wp:term":[{"taxonomy":"product_brand","embeddable":true,"href":"https:\/\/www.veneciacr.com\/index.php\/wp-json\/wp\/v2\/product_brand?post=91960"},{"taxonomy":"product_cat","embeddable":true,"href":"https:\/\/www.veneciacr.com\/index.php\/wp-json\/wp\/v2\/product_cat?post=91960"},{"taxonomy":"product_tag","embeddable":true,"href":"https:\/\/www.veneciacr.com\/index.php\/wp-json\/wp\/v2\/product_tag?post=91960"}],"curies":[{"name":"wp","href":"https:\/\/api.w.org\/{rel}","templated":true}]}}