{"id":91935,"date":"2026-04-21T02:31:40","date_gmt":"2026-04-21T08:31:40","guid":{"rendered":"https:\/\/www.veneciacr.com\/index.php\/producto\/paq-gaza-acero-inox-36cm-10pzs-cinm-20036-volteck\/"},"modified":"2026-04-21T02:31:43","modified_gmt":"2026-04-21T08:31:43","slug":"paq-gaza-acero-inox-36cm-10pzs-cinm-20036-volteck","status":"publish","type":"product","link":"https:\/\/www.veneciacr.com\/index.php\/producto\/paq-gaza-acero-inox-36cm-10pzs-cinm-20036-volteck\/","title":{"rendered":"PAQ GAZA ACERO INOX 36CM 10PZS CINM-20036 VOLTECK"},"content":{"rendered":"<p>Ideales para organizar todo tipo de cables, tubos, se\u00f1ales e instalaciones el\u00e9ctricas exteriores<br \/>\nAlta resistencia a la tensi\u00f3n, corrosi\u00f3n y temperaturas extremas<br \/>\nSeguro autom\u00e1tico<br \/>\nNo flamable<br \/>\nF\u00e1cil de cortar con pinzas y tijeras<\/p>\n<p>Especificaciones<br \/>\nGenerales<br \/>\nTensi\u00f3n 45 kg (99 lb)<br \/>\nEspesor 0.25 mm<br \/>\nAncho 4.5 mm<br \/>\nEmpaque individual Bolsa con 10 piezas<\/p>\n","protected":false},"excerpt":{"rendered":"<p>Ideales para organizar todo tipo de cables, tubos, se\u00f1ales e instalaciones el\u00e9ctricas exteriores Alta resistencia a la tensi\u00f3n, corrosi\u00f3n y<\/p>\n","protected":false},"featured_media":91936,"comment_status":"closed","ping_status":"open","template":"","meta":[],"product_brand":[],"product_cat":[15],"product_tag":[],"class_list":{"0":"post-91935","1":"product","2":"type-product","3":"status-publish","4":"has-post-thumbnail","6":"product_cat-uncategorized","8":"first","9":"instock","10":"purchasable","11":"product-type-simple"},"jetpack_sharing_enabled":true,"_links":{"self":[{"href":"https:\/\/www.veneciacr.com\/index.php\/wp-json\/wp\/v2\/product\/91935","targetHints":{"allow":["GET"]}}],"collection":[{"href":"https:\/\/www.veneciacr.com\/index.php\/wp-json\/wp\/v2\/product"}],"about":[{"href":"https:\/\/www.veneciacr.com\/index.php\/wp-json\/wp\/v2\/types\/product"}],"replies":[{"embeddable":true,"href":"https:\/\/www.veneciacr.com\/index.php\/wp-json\/wp\/v2\/comments?post=91935"}],"wp:featuredmedia":[{"embeddable":true,"href":"https:\/\/www.veneciacr.com\/index.php\/wp-json\/wp\/v2\/media\/91936"}],"wp:attachment":[{"href":"https:\/\/www.veneciacr.com\/index.php\/wp-json\/wp\/v2\/media?parent=91935"}],"wp:term":[{"taxonomy":"product_brand","embeddable":true,"href":"https:\/\/www.veneciacr.com\/index.php\/wp-json\/wp\/v2\/product_brand?post=91935"},{"taxonomy":"product_cat","embeddable":true,"href":"https:\/\/www.veneciacr.com\/index.php\/wp-json\/wp\/v2\/product_cat?post=91935"},{"taxonomy":"product_tag","embeddable":true,"href":"https:\/\/www.veneciacr.com\/index.php\/wp-json\/wp\/v2\/product_tag?post=91935"}],"curies":[{"name":"wp","href":"https:\/\/api.w.org\/{rel}","templated":true}]}}