{"id":91914,"date":"2026-04-29T01:58:35","date_gmt":"2026-04-29T07:58:35","guid":{"rendered":"https:\/\/www.veneciacr.com\/index.php\/producto\/broca-vidrio-y-porcelanato-1-4-bvi-1-4x-truper\/"},"modified":"2026-04-29T01:58:36","modified_gmt":"2026-04-29T07:58:36","slug":"broca-vidrio-y-porcelanato-1-4-bvi-1-4x-truper","status":"publish","type":"product","link":"https:\/\/www.veneciacr.com\/index.php\/producto\/broca-vidrio-y-porcelanato-1-4-bvi-1-4x-truper\/","title":{"rendered":"BROCA VIDRIO Y PORCELANATO 1\/4&#8243; BVI-1\/4X TRUPER"},"content":{"rendered":"<p>Punta de carburo de tungsteno de alta resitencia para mayor durabilidad, 2X mayor velocidad de perforaci\u00f3n<\/p>\n<p>Cortes 2X m\u00e1s r\u00e1pidos con mejor acabado y sin despostilladuras<\/p>\n<p>Zanco P3 antiderrapante<\/p>\n<p>Cuerpo en espiral para r\u00e1pida evacuaci\u00f3n de polvo<\/p>\n<p>Ideal para perforar con velocidad baja<\/p>\n","protected":false},"excerpt":{"rendered":"<p>Punta de carburo de tungsteno de alta resitencia para mayor durabilidad, 2X mayor velocidad de perforaci\u00f3n Cortes 2X m\u00e1s r\u00e1pidos<\/p>\n","protected":false},"featured_media":98260,"comment_status":"closed","ping_status":"open","template":"","meta":[],"product_brand":[],"product_cat":[15],"product_tag":[],"class_list":{"0":"post-91914","1":"product","2":"type-product","3":"status-publish","4":"has-post-thumbnail","6":"product_cat-uncategorized","8":"first","9":"outofstock","10":"purchasable","11":"product-type-simple"},"jetpack_sharing_enabled":true,"_links":{"self":[{"href":"https:\/\/www.veneciacr.com\/index.php\/wp-json\/wp\/v2\/product\/91914","targetHints":{"allow":["GET"]}}],"collection":[{"href":"https:\/\/www.veneciacr.com\/index.php\/wp-json\/wp\/v2\/product"}],"about":[{"href":"https:\/\/www.veneciacr.com\/index.php\/wp-json\/wp\/v2\/types\/product"}],"replies":[{"embeddable":true,"href":"https:\/\/www.veneciacr.com\/index.php\/wp-json\/wp\/v2\/comments?post=91914"}],"wp:featuredmedia":[{"embeddable":true,"href":"https:\/\/www.veneciacr.com\/index.php\/wp-json\/wp\/v2\/media\/98260"}],"wp:attachment":[{"href":"https:\/\/www.veneciacr.com\/index.php\/wp-json\/wp\/v2\/media?parent=91914"}],"wp:term":[{"taxonomy":"product_brand","embeddable":true,"href":"https:\/\/www.veneciacr.com\/index.php\/wp-json\/wp\/v2\/product_brand?post=91914"},{"taxonomy":"product_cat","embeddable":true,"href":"https:\/\/www.veneciacr.com\/index.php\/wp-json\/wp\/v2\/product_cat?post=91914"},{"taxonomy":"product_tag","embeddable":true,"href":"https:\/\/www.veneciacr.com\/index.php\/wp-json\/wp\/v2\/product_tag?post=91914"}],"curies":[{"name":"wp","href":"https:\/\/api.w.org\/{rel}","templated":true}]}}