{"id":91862,"date":"2026-04-21T02:31:56","date_gmt":"2026-04-21T08:31:56","guid":{"rendered":"https:\/\/www.veneciacr.com\/index.php\/producto\/hidrolavadora-1400w-1500psi-hila-1500-truper\/"},"modified":"2026-04-21T02:31:58","modified_gmt":"2026-04-21T08:31:58","slug":"hidrolavadora-1400w-1500psi-hila-1500-truper","status":"publish","type":"product","link":"https:\/\/www.veneciacr.com\/index.php\/producto\/hidrolavadora-1400w-1500psi-hila-1500-truper\/","title":{"rendered":"HIDROLAVADORA 1400W 1500PSI HILA-1500 TRUPER"},"content":{"rendered":"<p>Hidrolavadora el\u00e9ctrica 1500 PSI, Truper<br \/>\nSistema de paro autom\u00e1tico<br \/>\nFlujo m\u00e1ximo de agua 4.8 L\/min<br \/>\nCable de alimentaci\u00f3n de 5 m<br \/>\nDispensador de jab\u00f3n (550 ml)<br \/>\nCon porta accesorios y ruedas para su transportaci\u00f3n<\/p>\n<p>Especificaciones<br \/>\nPotencia 1.9 HP (1,400 W)<br \/>\nPresi\u00f3n m\u00e1xima 1,500 psi<br \/>\nFlujo m\u00e1ximo de agua 4.8 L\/min (1.2 GPM)<br \/>\nLargo de manguera de alta presi\u00f3n 5 m<br \/>\n\u00c1rea de limpieza 40 m\u00b2 &#8211; 80 m\u00b2<br \/>\nTensi\u00f3n \/ Frecuencia 127 V \/ 60 Hz<br \/>\nConsumo 11 A<br \/>\nCiclo de trabajo 50 minutos de trabajo por 20 minutos de descanso. M\u00e1ximo diario por 6 horas<br \/>\nPeso 5 kg<\/p>\n","protected":false},"excerpt":{"rendered":"<p>Hidrolavadora el\u00e9ctrica 1500 PSI, Truper Sistema de paro autom\u00e1tico Flujo m\u00e1ximo de agua 4.8 L\/min Cable de alimentaci\u00f3n de 5<\/p>\n","protected":false},"featured_media":91863,"comment_status":"closed","ping_status":"open","template":"","meta":[],"product_brand":[],"product_cat":[23,87],"product_tag":[],"class_list":{"0":"post-91862","1":"product","2":"type-product","3":"status-publish","4":"has-post-thumbnail","6":"product_cat-herramientas","7":"product_cat-herramientas-electricas","9":"first","10":"instock","11":"purchasable","12":"product-type-simple"},"jetpack_sharing_enabled":true,"_links":{"self":[{"href":"https:\/\/www.veneciacr.com\/index.php\/wp-json\/wp\/v2\/product\/91862","targetHints":{"allow":["GET"]}}],"collection":[{"href":"https:\/\/www.veneciacr.com\/index.php\/wp-json\/wp\/v2\/product"}],"about":[{"href":"https:\/\/www.veneciacr.com\/index.php\/wp-json\/wp\/v2\/types\/product"}],"replies":[{"embeddable":true,"href":"https:\/\/www.veneciacr.com\/index.php\/wp-json\/wp\/v2\/comments?post=91862"}],"wp:featuredmedia":[{"embeddable":true,"href":"https:\/\/www.veneciacr.com\/index.php\/wp-json\/wp\/v2\/media\/91863"}],"wp:attachment":[{"href":"https:\/\/www.veneciacr.com\/index.php\/wp-json\/wp\/v2\/media?parent=91862"}],"wp:term":[{"taxonomy":"product_brand","embeddable":true,"href":"https:\/\/www.veneciacr.com\/index.php\/wp-json\/wp\/v2\/product_brand?post=91862"},{"taxonomy":"product_cat","embeddable":true,"href":"https:\/\/www.veneciacr.com\/index.php\/wp-json\/wp\/v2\/product_cat?post=91862"},{"taxonomy":"product_tag","embeddable":true,"href":"https:\/\/www.veneciacr.com\/index.php\/wp-json\/wp\/v2\/product_tag?post=91862"}],"curies":[{"name":"wp","href":"https:\/\/api.w.org\/{rel}","templated":true}]}}