{"id":91843,"date":"2026-04-21T02:31:59","date_gmt":"2026-04-21T08:31:59","guid":{"rendered":"https:\/\/www.veneciacr.com\/index.php\/producto\/rollo-cinta-antides-2-negro-amarillo-5m-cia-25p-truper\/"},"modified":"2026-04-21T02:32:06","modified_gmt":"2026-04-21T08:32:06","slug":"cinta-antideslizante-negro-amarillo-2-5m-cia-25p-truper","status":"publish","type":"product","link":"https:\/\/www.veneciacr.com\/index.php\/producto\/cinta-antideslizante-negro-amarillo-2-5m-cia-25p-truper\/","title":{"rendered":"CINTA ANTIDESLIZANTE NEGRO\/AMARILLO 2&#8243; 5M CIA-25P TRUPER"},"content":{"rendered":"<p>Rollo 5 m de cinta antiderrapante ama\/negra 50mm c\/abrasivo<br \/>\nTextura abrasiva<br \/>\nGran resistencia al deslizamiento<br \/>\nAdhesivo acr\u00edlico, resistente al agua y al tr\u00e1fico con calzado<br \/>\nIdeal para \u00e1rea de evacuaci\u00f3n o alto tr\u00e1nsito<br \/>\nPara usos generales con calzado<br \/>\n101448-01<br \/>\nPara interiores y exteriores<br \/>\n101448-02<br \/>\nReduce accidentes<br \/>\n101448-03<br \/>\nResistentes al agua<\/p>\n<p>Especificaciones<br \/>\nAncho 50 mm (2&#8243;)<br \/>\nLargo 5 m<br \/>\nEmpaque individual Caja<\/p>\n","protected":false},"excerpt":{"rendered":"<p>Rollo 5 m de cinta antiderrapante ama\/negra 50mm c\/abrasivo Textura abrasiva Gran resistencia al deslizamiento Adhesivo acr\u00edlico, resistente al agua<\/p>\n","protected":false},"featured_media":91844,"comment_status":"closed","ping_status":"open","template":"","meta":[],"product_brand":[],"product_cat":[15],"product_tag":[],"class_list":{"0":"post-91843","1":"product","2":"type-product","3":"status-publish","4":"has-post-thumbnail","6":"product_cat-uncategorized","8":"first","9":"instock","10":"purchasable","11":"product-type-simple"},"jetpack_sharing_enabled":true,"_links":{"self":[{"href":"https:\/\/www.veneciacr.com\/index.php\/wp-json\/wp\/v2\/product\/91843","targetHints":{"allow":["GET"]}}],"collection":[{"href":"https:\/\/www.veneciacr.com\/index.php\/wp-json\/wp\/v2\/product"}],"about":[{"href":"https:\/\/www.veneciacr.com\/index.php\/wp-json\/wp\/v2\/types\/product"}],"replies":[{"embeddable":true,"href":"https:\/\/www.veneciacr.com\/index.php\/wp-json\/wp\/v2\/comments?post=91843"}],"wp:featuredmedia":[{"embeddable":true,"href":"https:\/\/www.veneciacr.com\/index.php\/wp-json\/wp\/v2\/media\/91844"}],"wp:attachment":[{"href":"https:\/\/www.veneciacr.com\/index.php\/wp-json\/wp\/v2\/media?parent=91843"}],"wp:term":[{"taxonomy":"product_brand","embeddable":true,"href":"https:\/\/www.veneciacr.com\/index.php\/wp-json\/wp\/v2\/product_brand?post=91843"},{"taxonomy":"product_cat","embeddable":true,"href":"https:\/\/www.veneciacr.com\/index.php\/wp-json\/wp\/v2\/product_cat?post=91843"},{"taxonomy":"product_tag","embeddable":true,"href":"https:\/\/www.veneciacr.com\/index.php\/wp-json\/wp\/v2\/product_tag?post=91843"}],"curies":[{"name":"wp","href":"https:\/\/api.w.org\/{rel}","templated":true}]}}