{"id":91835,"date":"2026-04-21T02:31:56","date_gmt":"2026-04-21T08:31:56","guid":{"rendered":"https:\/\/www.veneciacr.com\/index.php\/producto\/hidrolavadora-1200w-1300psi-hila-1300p-pretul\/"},"modified":"2026-04-21T02:31:59","modified_gmt":"2026-04-21T08:31:59","slug":"hidrolavadora-1200w-1300psi-hila-1300p-pretul","status":"publish","type":"product","link":"https:\/\/www.veneciacr.com\/index.php\/producto\/hidrolavadora-1200w-1300psi-hila-1300p-pretul\/","title":{"rendered":"HIDROLAVADORA 1200W 1300PSI HILA-1300P PRETUL"},"content":{"rendered":"<p>HIDROLAVADORA 1200W 1300PSI HILA-1300P PRETUL<\/p>\n<p>Potencia<\/p>\n<p>1.6 HP (1,200 W)<\/p>\n<p>Flujo m\u00e1ximo de agua<\/p>\n<p>4.8 L\/min (1.2 GPM)<\/p>\n<p>\u00c1rea de limpieza<\/p>\n<p>10 m\u00b2 &#8211; 40 m\u00b2<\/p>\n<p>Tensi\u00f3n \/ Frecuencia<\/p>\n<p>127 V \/ 60 Hz<\/p>\n<p>Ciclo de trabajo<\/p>\n<p>50 minutos de trabajo por 20 minutos de descanso. M\u00e1ximo diario 3 horas<\/p>\n<p>Empaque individual<\/p>\n<p>Caja<\/p>\n<p>Presi\u00f3n m\u00e1xima<\/p>\n<p>1,300 psi<\/p>\n<p>Largo de manguera de alta presi\u00f3n<\/p>\n<p>3 m<\/p>\n<p>Eficiencia de limpieza (m\u00e1s presi\u00f3n que una manguera de jard\u00edn)<\/p>\n<p>30X m\u00e1s presi\u00f3n<\/p>\n<p>Consumo<\/p>\n<p>9.4 A<\/p>\n<p>Peso<\/p>\n<p>3 kg<\/p>\n","protected":false},"excerpt":{"rendered":"<p>HIDROLAVADORA 1200W 1300PSI HILA-1300P PRETUL Potencia 1.6 HP (1,200 W) Flujo m\u00e1ximo de agua 4.8 L\/min (1.2 GPM) \u00c1rea de<\/p>\n","protected":false},"featured_media":91836,"comment_status":"closed","ping_status":"open","template":"","meta":[],"product_brand":[],"product_cat":[23,87],"product_tag":[],"class_list":{"0":"post-91835","1":"product","2":"type-product","3":"status-publish","4":"has-post-thumbnail","6":"product_cat-herramientas","7":"product_cat-herramientas-electricas","9":"first","10":"instock","11":"purchasable","12":"product-type-simple"},"jetpack_sharing_enabled":true,"_links":{"self":[{"href":"https:\/\/www.veneciacr.com\/index.php\/wp-json\/wp\/v2\/product\/91835","targetHints":{"allow":["GET"]}}],"collection":[{"href":"https:\/\/www.veneciacr.com\/index.php\/wp-json\/wp\/v2\/product"}],"about":[{"href":"https:\/\/www.veneciacr.com\/index.php\/wp-json\/wp\/v2\/types\/product"}],"replies":[{"embeddable":true,"href":"https:\/\/www.veneciacr.com\/index.php\/wp-json\/wp\/v2\/comments?post=91835"}],"wp:featuredmedia":[{"embeddable":true,"href":"https:\/\/www.veneciacr.com\/index.php\/wp-json\/wp\/v2\/media\/91836"}],"wp:attachment":[{"href":"https:\/\/www.veneciacr.com\/index.php\/wp-json\/wp\/v2\/media?parent=91835"}],"wp:term":[{"taxonomy":"product_brand","embeddable":true,"href":"https:\/\/www.veneciacr.com\/index.php\/wp-json\/wp\/v2\/product_brand?post=91835"},{"taxonomy":"product_cat","embeddable":true,"href":"https:\/\/www.veneciacr.com\/index.php\/wp-json\/wp\/v2\/product_cat?post=91835"},{"taxonomy":"product_tag","embeddable":true,"href":"https:\/\/www.veneciacr.com\/index.php\/wp-json\/wp\/v2\/product_tag?post=91835"}],"curies":[{"name":"wp","href":"https:\/\/api.w.org\/{rel}","templated":true}]}}