{"id":91666,"date":"2026-04-21T02:35:11","date_gmt":"2026-04-21T08:35:11","guid":{"rendered":"https:\/\/www.veneciacr.com\/index.php\/producto\/cinta-metrica-negra-5m-fcn-5m-truper\/"},"modified":"2026-04-21T02:35:13","modified_gmt":"2026-04-21T08:35:13","slug":"cinta-metrica-negra-5m-fcn-5m-truper","status":"publish","type":"product","link":"https:\/\/www.veneciacr.com\/index.php\/producto\/cinta-metrica-negra-5m-fcn-5m-truper\/","title":{"rendered":"CINTA METRICA NEGRA 5M FCN-5M TRUPER"},"content":{"rendered":"<p>Carcasa de ABS y cubierta de TPR resistente a impactos<br \/>\nCinta impresa por ambos lados recubierta de laca para m\u00e1xima duraci\u00f3n de la graduaci\u00f3n<br \/>\nGancho doble que facilita la medici\u00f3n por ambos lados<br \/>\nClip para mejor sujeci\u00f3n<\/p>\n<p>Especificaciones<br \/>\nDimensiones de la cinta (largo x ancho x espesor) 5 m (16 ft) x 19 mm (3\/4&#8243;) x 0.12 mm<br \/>\nExtensi\u00f3n m\u00e1xima 1.9 m<br \/>\nEscala cm-mm \/ ft-in<br \/>\nColor de cinta Negro<\/p>\n","protected":false},"excerpt":{"rendered":"<p>Carcasa de ABS y cubierta de TPR resistente a impactos Cinta impresa por ambos lados recubierta de laca para m\u00e1xima<\/p>\n","protected":false},"featured_media":91667,"comment_status":"closed","ping_status":"open","template":"","meta":[],"product_brand":[],"product_cat":[152,23],"product_tag":[],"class_list":{"0":"post-91666","1":"product","2":"type-product","3":"status-publish","4":"has-post-thumbnail","6":"product_cat-herramienta-manuales","7":"product_cat-herramientas","9":"first","10":"outofstock","11":"purchasable","12":"product-type-simple"},"jetpack_sharing_enabled":true,"_links":{"self":[{"href":"https:\/\/www.veneciacr.com\/index.php\/wp-json\/wp\/v2\/product\/91666","targetHints":{"allow":["GET"]}}],"collection":[{"href":"https:\/\/www.veneciacr.com\/index.php\/wp-json\/wp\/v2\/product"}],"about":[{"href":"https:\/\/www.veneciacr.com\/index.php\/wp-json\/wp\/v2\/types\/product"}],"replies":[{"embeddable":true,"href":"https:\/\/www.veneciacr.com\/index.php\/wp-json\/wp\/v2\/comments?post=91666"}],"wp:featuredmedia":[{"embeddable":true,"href":"https:\/\/www.veneciacr.com\/index.php\/wp-json\/wp\/v2\/media\/91667"}],"wp:attachment":[{"href":"https:\/\/www.veneciacr.com\/index.php\/wp-json\/wp\/v2\/media?parent=91666"}],"wp:term":[{"taxonomy":"product_brand","embeddable":true,"href":"https:\/\/www.veneciacr.com\/index.php\/wp-json\/wp\/v2\/product_brand?post=91666"},{"taxonomy":"product_cat","embeddable":true,"href":"https:\/\/www.veneciacr.com\/index.php\/wp-json\/wp\/v2\/product_cat?post=91666"},{"taxonomy":"product_tag","embeddable":true,"href":"https:\/\/www.veneciacr.com\/index.php\/wp-json\/wp\/v2\/product_tag?post=91666"}],"curies":[{"name":"wp","href":"https:\/\/api.w.org\/{rel}","templated":true}]}}