{"id":91664,"date":"2026-05-09T01:55:40","date_gmt":"2026-05-09T07:55:40","guid":{"rendered":"https:\/\/www.veneciacr.com\/index.php\/producto\/cinta-metrica-negra-8m-fcn-8m-truper\/"},"modified":"2026-05-09T01:55:40","modified_gmt":"2026-05-09T07:55:40","slug":"cinta-metrica-negra-8m-fcn-8m-truper","status":"publish","type":"product","link":"https:\/\/www.veneciacr.com\/index.php\/producto\/cinta-metrica-negra-8m-fcn-8m-truper\/","title":{"rendered":"CINTA METRICA NEGRA 8M FCN-8M TRUPER"},"content":{"rendered":"<p>Carcasa de ABS y cubierta de TPR resistente al impactos<br \/>\nCinta extra ancha que permite mayor extensi\u00f3n, impresa por ambos lados fabricada en acero negro resistente a la corrosi\u00f3n<br \/>\nGancho doble, facilita la medici\u00f3n por ambos lados<br \/>\nSegundo bot\u00f3n de seguro para sostener la cinta<br \/>\nCorrea de tela para colgar<br \/>\nProducto mejorado n\u00fameros grandes, graduaci\u00f3n horizontal y vertical de f\u00e1cil lectura<br \/>\nNOR-32<br \/>\n11747-01<br \/>\nCarcasa de ABS y cubierta de TPR resistente a impactos<br \/>\n11747-02<br \/>\nCinta impresa por ambos lados recubierta de laca para m\u00e1xima duraci\u00f3n<br \/>\n11747-03<br \/>\nGancho doble, facilita la medici\u00f3n por ambos lados<br \/>\n11747-04<br \/>\nCinta extra ancha que permite mayor extensi\u00f3n<br \/>\n11747-05<br \/>\nClip para mejor sujeci\u00f3n<\/p>\n<p>NORMA<br \/>\nCumple la norma NOM-046-SCFI<\/p>\n<p>ESPECIFICACIONES<br \/>\nLongitud 8 m (26 ft)<br \/>\nAncho de cinta 27 mm (1 1\/16&#8243;)<br \/>\nExtensi\u00f3n m\u00e1xima 2.7 m<br \/>\nEspesor 0.13 mm<\/p>\n","protected":false},"excerpt":{"rendered":"<p>Carcasa de ABS y cubierta de TPR resistente al impactos Cinta extra ancha que permite mayor extensi\u00f3n, impresa por ambos<\/p>\n","protected":false},"featured_media":91665,"comment_status":"closed","ping_status":"open","template":"","meta":[],"product_brand":[],"product_cat":[152,23],"product_tag":[],"class_list":{"0":"post-91664","1":"product","2":"type-product","3":"status-publish","4":"has-post-thumbnail","6":"product_cat-herramienta-manuales","7":"product_cat-herramientas","9":"first","10":"instock","11":"purchasable","12":"product-type-simple"},"jetpack_sharing_enabled":true,"_links":{"self":[{"href":"https:\/\/www.veneciacr.com\/index.php\/wp-json\/wp\/v2\/product\/91664","targetHints":{"allow":["GET"]}}],"collection":[{"href":"https:\/\/www.veneciacr.com\/index.php\/wp-json\/wp\/v2\/product"}],"about":[{"href":"https:\/\/www.veneciacr.com\/index.php\/wp-json\/wp\/v2\/types\/product"}],"replies":[{"embeddable":true,"href":"https:\/\/www.veneciacr.com\/index.php\/wp-json\/wp\/v2\/comments?post=91664"}],"wp:featuredmedia":[{"embeddable":true,"href":"https:\/\/www.veneciacr.com\/index.php\/wp-json\/wp\/v2\/media\/91665"}],"wp:attachment":[{"href":"https:\/\/www.veneciacr.com\/index.php\/wp-json\/wp\/v2\/media?parent=91664"}],"wp:term":[{"taxonomy":"product_brand","embeddable":true,"href":"https:\/\/www.veneciacr.com\/index.php\/wp-json\/wp\/v2\/product_brand?post=91664"},{"taxonomy":"product_cat","embeddable":true,"href":"https:\/\/www.veneciacr.com\/index.php\/wp-json\/wp\/v2\/product_cat?post=91664"},{"taxonomy":"product_tag","embeddable":true,"href":"https:\/\/www.veneciacr.com\/index.php\/wp-json\/wp\/v2\/product_tag?post=91664"}],"curies":[{"name":"wp","href":"https:\/\/api.w.org\/{rel}","templated":true}]}}