{"id":91656,"date":"2026-04-22T01:54:16","date_gmt":"2026-04-22T07:54:16","guid":{"rendered":"https:\/\/www.veneciacr.com\/index.php\/producto\/paq-clavos-con-cabeza-1-130pzs-cle-1a-fiero\/"},"modified":"2026-04-22T01:54:16","modified_gmt":"2026-04-22T07:54:16","slug":"paq-clavos-con-cabeza-1-130pzs-cle-1a-fiero","status":"publish","type":"product","link":"https:\/\/www.veneciacr.com\/index.php\/producto\/paq-clavos-con-cabeza-1-130pzs-cle-1a-fiero\/","title":{"rendered":"PAQ CLAVOS CON CABEZA 1&#8243; 130PZS CLE-1A FIERO"},"content":{"rendered":"<p>Fabricados en acero al carbono<\/p>\n<p>Punta diamante con \u00e1ngulo de 45\u00b0 que proporciona mayor penetraci\u00f3n<\/p>\n<p>Para uso en alba\u00f1iler\u00eda, carpinter\u00eda, tarimas y estructuras de madera<\/p>\n","protected":false},"excerpt":{"rendered":"<p>Fabricados en acero al carbono Punta diamante con \u00e1ngulo de 45\u00b0 que proporciona mayor penetraci\u00f3n Para uso en alba\u00f1iler\u00eda, carpinter\u00eda,<\/p>\n","protected":false},"featured_media":91657,"comment_status":"closed","ping_status":"open","template":"","meta":[],"product_brand":[],"product_cat":[15],"product_tag":[],"class_list":{"0":"post-91656","1":"product","2":"type-product","3":"status-publish","4":"has-post-thumbnail","6":"product_cat-uncategorized","8":"first","9":"instock","10":"purchasable","11":"product-type-simple"},"jetpack_sharing_enabled":true,"_links":{"self":[{"href":"https:\/\/www.veneciacr.com\/index.php\/wp-json\/wp\/v2\/product\/91656","targetHints":{"allow":["GET"]}}],"collection":[{"href":"https:\/\/www.veneciacr.com\/index.php\/wp-json\/wp\/v2\/product"}],"about":[{"href":"https:\/\/www.veneciacr.com\/index.php\/wp-json\/wp\/v2\/types\/product"}],"replies":[{"embeddable":true,"href":"https:\/\/www.veneciacr.com\/index.php\/wp-json\/wp\/v2\/comments?post=91656"}],"wp:featuredmedia":[{"embeddable":true,"href":"https:\/\/www.veneciacr.com\/index.php\/wp-json\/wp\/v2\/media\/91657"}],"wp:attachment":[{"href":"https:\/\/www.veneciacr.com\/index.php\/wp-json\/wp\/v2\/media?parent=91656"}],"wp:term":[{"taxonomy":"product_brand","embeddable":true,"href":"https:\/\/www.veneciacr.com\/index.php\/wp-json\/wp\/v2\/product_brand?post=91656"},{"taxonomy":"product_cat","embeddable":true,"href":"https:\/\/www.veneciacr.com\/index.php\/wp-json\/wp\/v2\/product_cat?post=91656"},{"taxonomy":"product_tag","embeddable":true,"href":"https:\/\/www.veneciacr.com\/index.php\/wp-json\/wp\/v2\/product_tag?post=91656"}],"curies":[{"name":"wp","href":"https:\/\/api.w.org\/{rel}","templated":true}]}}