{"id":91652,"date":"2026-04-23T01:58:10","date_gmt":"2026-04-23T07:58:10","guid":{"rendered":"https:\/\/www.veneciacr.com\/index.php\/producto\/cautin-tipo-pistola-40w-2-calores-cau-50-truper\/"},"modified":"2026-04-23T01:58:10","modified_gmt":"2026-04-23T07:58:10","slug":"cautin-tipo-pistola-40w-2-calores-cau-50-truper","status":"publish","type":"product","link":"https:\/\/www.veneciacr.com\/index.php\/producto\/cautin-tipo-pistola-40w-2-calores-cau-50-truper\/","title":{"rendered":"CAUTIN TIPO PISTOLA 40W 2 CALORES CAU-50 TRUPER"},"content":{"rendered":"<p>Puntas niqueladas<\/p>\n<p>Luz LED integrada para iluminar \u00e1rea de trabajo<\/p>\n<p>Dise\u00f1o compacto<\/p>\n<p>Mango ergon\u00f3mico de TPR<\/p>\n<div class=\"col-6\">\n<div class=\"table-responsive tabla_border\">\n<table class=\"table table-bordered table_info_prod align-middle m-0\">\n<tbody>\n<tr id=\"tabla_especs\">\n<th class=\"tamanio_th_especs\" scope=\"row\">\n<p class=\"margen_tabla_especs\">Potencia<\/p>\n<\/th>\n<td>\n<p class=\"margen_tabla_especs\">40 W<\/p>\n<\/td>\n<\/tr>\n<tr id=\"tabla_especs\">\n<th class=\"tamanio_th_especs\" scope=\"row\">\n<p class=\"margen_tabla_especs\">Tensi\u00f3n \/ Frecuencia<\/p>\n<\/th>\n<td>\n<p class=\"margen_tabla_especs\">127 V \/ 60 Hz<\/p>\n<\/td>\n<\/tr>\n<tr id=\"tabla_especs\">\n<th class=\"tamanio_th_especs\" scope=\"row\">\n<p class=\"margen_tabla_especs\">Largo del cable<\/p>\n<\/th>\n<td>\n<p class=\"margen_tabla_especs\">1.35 m<\/p>\n<\/td>\n<\/tr>\n<tr id=\"tabla_especs\">\n<th class=\"tamanio_th_especs\" scope=\"row\">\n<p class=\"margen_tabla_especs\">Empaque individual<\/p>\n<\/th>\n<td>\n<p class=\"margen_tabla_especs\">Bl\u00edster<\/p>\n<\/td>\n<\/tr>\n<tr id=\"tabla_especs\">\n<th class=\"tamanio_th_especs\" scope=\"row\"><\/th>\n<td><\/td>\n<\/tr>\n<\/tbody>\n<\/table>\n<\/div>\n<\/div>\n<div class=\"col-6\">\n<div class=\"table-responsive tabla_border\">\n<table class=\"table table-bordered table_info_prod align-middle m-0\">\n<tbody>\n<tr id=\"tabla_especs\">\n<th class=\"tamanio_th_especs\" scope=\"row\">\n<p class=\"margen_tabla_especs\">Temperatura alta<\/p>\n<\/th>\n<td>\n<p class=\"margen_tabla_especs\">330 \u00baC (40 W)<\/p>\n<\/td>\n<\/tr>\n<tr id=\"tabla_especs\">\n<th class=\"tamanio_th_especs\" scope=\"row\">\n<p class=\"margen_tabla_especs\">Dimensiones (Ancho x Alto)<\/p>\n<\/th>\n<td>\n<p class=\"margen_tabla_especs\">12 cm x 19 cm<\/p>\n<\/td>\n<\/tr>\n<tr id=\"tabla_especs\">\n<th class=\"tamanio_th_especs\" scope=\"row\">\n<p class=\"margen_tabla_especs\">Ciclo de trabajo<\/p>\n<\/th>\n<td>\n<p class=\"margen_tabla_especs\">1 minuto de trabajo por 5 minutos de descanso<\/p>\n<\/td>\n<\/tr>\n<\/tbody>\n<\/table>\n<\/div>\n<\/div>\n","protected":false},"excerpt":{"rendered":"<p>Puntas niqueladas Luz LED integrada para iluminar \u00e1rea de trabajo Dise\u00f1o compacto Mango ergon\u00f3mico de TPR Potencia 40 W Tensi\u00f3n<\/p>\n","protected":false},"featured_media":91653,"comment_status":"closed","ping_status":"open","template":"","meta":[],"product_brand":[],"product_cat":[15],"product_tag":[],"class_list":{"0":"post-91652","1":"product","2":"type-product","3":"status-publish","4":"has-post-thumbnail","6":"product_cat-uncategorized","8":"first","9":"instock","10":"purchasable","11":"product-type-simple"},"jetpack_sharing_enabled":true,"_links":{"self":[{"href":"https:\/\/www.veneciacr.com\/index.php\/wp-json\/wp\/v2\/product\/91652","targetHints":{"allow":["GET"]}}],"collection":[{"href":"https:\/\/www.veneciacr.com\/index.php\/wp-json\/wp\/v2\/product"}],"about":[{"href":"https:\/\/www.veneciacr.com\/index.php\/wp-json\/wp\/v2\/types\/product"}],"replies":[{"embeddable":true,"href":"https:\/\/www.veneciacr.com\/index.php\/wp-json\/wp\/v2\/comments?post=91652"}],"wp:featuredmedia":[{"embeddable":true,"href":"https:\/\/www.veneciacr.com\/index.php\/wp-json\/wp\/v2\/media\/91653"}],"wp:attachment":[{"href":"https:\/\/www.veneciacr.com\/index.php\/wp-json\/wp\/v2\/media?parent=91652"}],"wp:term":[{"taxonomy":"product_brand","embeddable":true,"href":"https:\/\/www.veneciacr.com\/index.php\/wp-json\/wp\/v2\/product_brand?post=91652"},{"taxonomy":"product_cat","embeddable":true,"href":"https:\/\/www.veneciacr.com\/index.php\/wp-json\/wp\/v2\/product_cat?post=91652"},{"taxonomy":"product_tag","embeddable":true,"href":"https:\/\/www.veneciacr.com\/index.php\/wp-json\/wp\/v2\/product_tag?post=91652"}],"curies":[{"name":"wp","href":"https:\/\/api.w.org\/{rel}","templated":true}]}}