{"id":91622,"date":"2026-04-21T02:34:45","date_gmt":"2026-04-21T08:34:45","guid":{"rendered":"https:\/\/www.veneciacr.com\/index.php\/producto\/jgo-5-brocas-sds-plus-jbs-5-truper\/"},"modified":"2026-04-21T02:34:46","modified_gmt":"2026-04-21T08:34:46","slug":"set-5-brocas-sds-plus-jbs-5-truper","status":"publish","type":"product","link":"https:\/\/www.veneciacr.com\/index.php\/producto\/set-5-brocas-sds-plus-jbs-5-truper\/","title":{"rendered":"SET 5 BROCAS SDS PLUS JBS-5 TRUPER"},"content":{"rendered":"<p>Cuerpo de acero al cromo que ofrece mayor resistencia al calentamiento<\/p>\n<p>Punta de cruz, tecnolog\u00eda con doble inserto de carburo para mayor precisi\u00f3n de perforaci\u00f3n, 2X mayor durabilidad que las brocas convencionales<\/p>\n<p>Sistema directo de inserci\u00f3n SDS Plus<\/p>\n<p>Para rotomartillos SDS Plus<\/p>\n<p>Ideal para concreto y ladrillo<\/p>\n<p>&nbsp;<\/p>\n<div class=\"col vinieta_class\"><img loading=\"lazy\" decoding=\"async\" class=\"img_vinietas\" src=\"https:\/\/www.truper.com\/admin\/images\/vinietas\/102364-01.svg\" width=\"280\" height=\"280\" \/><\/p>\n<div class=\"row text-center text_vin\">Sistema directo de inserci\u00f3n<\/div>\n<\/div>\n<div class=\"col vinieta_class\"><img loading=\"lazy\" decoding=\"async\" class=\"img_vinietas\" src=\"https:\/\/www.truper.com\/admin\/images\/vinietas\/102364-02.svg\" width=\"283\" height=\"283\" \/><\/div>\n<div class=\"col vinieta_class\"><img loading=\"lazy\" decoding=\"async\" class=\"img_vinietas\" src=\"https:\/\/www.truper.com\/admin\/images\/vinietas\/102364-03.svg\" width=\"287\" height=\"287\" \/><\/p>\n<div class=\"row text-center text_vin\">Punta de cruz<\/div>\n<\/div>\n<div class=\"col vinieta_class\"><img loading=\"lazy\" decoding=\"async\" class=\"img_vinietas\" src=\"https:\/\/www.truper.com\/admin\/images\/vinietas\/102364-04.svg\" width=\"277\" height=\"277\" \/><\/p>\n<div class=\"row text-center text_vin\">Ladrillo<\/div>\n<div><\/div>\n<\/div>\n<div class=\"col-6\">\n<div class=\"table-responsive tabla_border\">\n<table class=\"table table-bordered table_info_prod align-middle m-0\">\n<tbody>\n<tr id=\"tabla_especs\">\n<th class=\"tamanio_th_especs\" scope=\"row\">\n<p class=\"margen_tabla_especs\">Medidas<\/p>\n<\/th>\n<td>\n<p class=\"margen_tabla_especs\">3\/16 a 1\/2&#8243;<\/p>\n<\/td>\n<\/tr>\n<tr id=\"tabla_especs\">\n<th class=\"tamanio_th_especs\" scope=\"row\"><\/th>\n<td><\/td>\n<\/tr>\n<tr id=\"tabla_especs\">\n<th class=\"tamanio_th_especs\" scope=\"row\"><\/th>\n<td><\/td>\n<\/tr>\n<\/tbody>\n<\/table>\n<\/div>\n<\/div>\n<div class=\"col-6\">\n<div class=\"table-responsive tabla_border\">\n<table class=\"table table-bordered table_info_prod align-middle m-0\">\n<tbody>\n<tr id=\"tabla_especs\">\n<th class=\"tamanio_th_especs\" scope=\"row\">\n<p class=\"margen_tabla_especs\">Empaque individual<\/p>\n<\/th>\n<td>\n<p class=\"margen_tabla_especs\">Caja pl\u00e1stica<\/p>\n<\/td>\n<\/tr>\n<\/tbody>\n<\/table>\n<\/div>\n<\/div>\n","protected":false},"excerpt":{"rendered":"<p>Cuerpo de acero al cromo que ofrece mayor resistencia al calentamiento Punta de cruz, tecnolog\u00eda con doble inserto de carburo<\/p>\n","protected":false},"featured_media":91623,"comment_status":"closed","ping_status":"open","template":"","meta":[],"product_brand":[],"product_cat":[15],"product_tag":[],"class_list":{"0":"post-91622","1":"product","2":"type-product","3":"status-publish","4":"has-post-thumbnail","6":"product_cat-uncategorized","8":"first","9":"instock","10":"purchasable","11":"product-type-simple"},"jetpack_sharing_enabled":true,"_links":{"self":[{"href":"https:\/\/www.veneciacr.com\/index.php\/wp-json\/wp\/v2\/product\/91622","targetHints":{"allow":["GET"]}}],"collection":[{"href":"https:\/\/www.veneciacr.com\/index.php\/wp-json\/wp\/v2\/product"}],"about":[{"href":"https:\/\/www.veneciacr.com\/index.php\/wp-json\/wp\/v2\/types\/product"}],"replies":[{"embeddable":true,"href":"https:\/\/www.veneciacr.com\/index.php\/wp-json\/wp\/v2\/comments?post=91622"}],"wp:featuredmedia":[{"embeddable":true,"href":"https:\/\/www.veneciacr.com\/index.php\/wp-json\/wp\/v2\/media\/91623"}],"wp:attachment":[{"href":"https:\/\/www.veneciacr.com\/index.php\/wp-json\/wp\/v2\/media?parent=91622"}],"wp:term":[{"taxonomy":"product_brand","embeddable":true,"href":"https:\/\/www.veneciacr.com\/index.php\/wp-json\/wp\/v2\/product_brand?post=91622"},{"taxonomy":"product_cat","embeddable":true,"href":"https:\/\/www.veneciacr.com\/index.php\/wp-json\/wp\/v2\/product_cat?post=91622"},{"taxonomy":"product_tag","embeddable":true,"href":"https:\/\/www.veneciacr.com\/index.php\/wp-json\/wp\/v2\/product_tag?post=91622"}],"curies":[{"name":"wp","href":"https:\/\/api.w.org\/{rel}","templated":true}]}}