{"id":91555,"date":"2026-04-29T02:06:28","date_gmt":"2026-04-29T08:06:28","guid":{"rendered":"https:\/\/www.veneciacr.com\/index.php\/producto\/agarradera-sat-puntos-31mm-per-011-hermex\/"},"modified":"2026-04-29T02:06:28","modified_gmt":"2026-04-29T08:06:28","slug":"agarradera-sat-puntos-31mm-per-011-hermex-pe48","status":"publish","type":"product","link":"https:\/\/www.veneciacr.com\/index.php\/producto\/agarradera-sat-puntos-31mm-per-011-hermex-pe48\/","title":{"rendered":"AGARRADERA SAT PUNTOS 31MM PER-011 HERMEX PE48"},"content":{"rendered":"<p>Met\u00e1lica con acabado n\u00edquel satinado<\/p>\n<p>Para uso en carpinter\u00eda<\/p>\n<p>Ideal para instalar en puertas, cajones y muebles de madera<\/p>\n","protected":false},"excerpt":{"rendered":"<p>Met\u00e1lica con acabado n\u00edquel satinado Para uso en carpinter\u00eda Ideal para instalar en puertas, cajones y muebles de madera<\/p>\n","protected":false},"featured_media":91556,"comment_status":"closed","ping_status":"open","template":"","meta":[],"product_brand":[],"product_cat":[91,19],"product_tag":[],"class_list":{"0":"post-91555","1":"product","2":"type-product","3":"status-publish","4":"has-post-thumbnail","6":"product_cat-agarraderas-y-bisagras","7":"product_cat-ferreteria","9":"first","10":"instock","11":"purchasable","12":"product-type-simple"},"jetpack_sharing_enabled":true,"_links":{"self":[{"href":"https:\/\/www.veneciacr.com\/index.php\/wp-json\/wp\/v2\/product\/91555","targetHints":{"allow":["GET"]}}],"collection":[{"href":"https:\/\/www.veneciacr.com\/index.php\/wp-json\/wp\/v2\/product"}],"about":[{"href":"https:\/\/www.veneciacr.com\/index.php\/wp-json\/wp\/v2\/types\/product"}],"replies":[{"embeddable":true,"href":"https:\/\/www.veneciacr.com\/index.php\/wp-json\/wp\/v2\/comments?post=91555"}],"wp:featuredmedia":[{"embeddable":true,"href":"https:\/\/www.veneciacr.com\/index.php\/wp-json\/wp\/v2\/media\/91556"}],"wp:attachment":[{"href":"https:\/\/www.veneciacr.com\/index.php\/wp-json\/wp\/v2\/media?parent=91555"}],"wp:term":[{"taxonomy":"product_brand","embeddable":true,"href":"https:\/\/www.veneciacr.com\/index.php\/wp-json\/wp\/v2\/product_brand?post=91555"},{"taxonomy":"product_cat","embeddable":true,"href":"https:\/\/www.veneciacr.com\/index.php\/wp-json\/wp\/v2\/product_cat?post=91555"},{"taxonomy":"product_tag","embeddable":true,"href":"https:\/\/www.veneciacr.com\/index.php\/wp-json\/wp\/v2\/product_tag?post=91555"}],"curies":[{"name":"wp","href":"https:\/\/api.w.org\/{rel}","templated":true}]}}