{"id":91553,"date":"2026-04-21T03:51:40","date_gmt":"2026-04-21T09:51:40","guid":{"rendered":"https:\/\/www.veneciacr.com\/index.php\/producto\/agarradera-madera-colonial-76mm-jal-0621-hermex\/"},"modified":"2026-04-21T03:51:41","modified_gmt":"2026-04-21T09:51:41","slug":"agarradera-madera-colonial-76mm-jal-0621-hermex-pe125","status":"publish","type":"product","link":"https:\/\/www.veneciacr.com\/index.php\/producto\/agarradera-madera-colonial-76mm-jal-0621-hermex-pe125\/","title":{"rendered":"AGARRADERA MADERA COLONIAL 76MM JAL-0621 HERMEX PE125"},"content":{"rendered":"<p>Met\u00e1lica, acabado lat\u00f3n brillante<\/p>\n<p>Para uso en carpinter\u00eda<\/p>\n<p>Ideal para instalar en puertas y cajones, para muebles de madera<\/p>\n","protected":false},"excerpt":{"rendered":"<p>Met\u00e1lica, acabado lat\u00f3n brillante Para uso en carpinter\u00eda Ideal para instalar en puertas y cajones, para muebles de madera<\/p>\n","protected":false},"featured_media":91554,"comment_status":"closed","ping_status":"open","template":"","meta":[],"product_brand":[],"product_cat":[91,19],"product_tag":[],"class_list":{"0":"post-91553","1":"product","2":"type-product","3":"status-publish","4":"has-post-thumbnail","6":"product_cat-agarraderas-y-bisagras","7":"product_cat-ferreteria","9":"first","10":"instock","11":"purchasable","12":"product-type-simple"},"jetpack_sharing_enabled":true,"_links":{"self":[{"href":"https:\/\/www.veneciacr.com\/index.php\/wp-json\/wp\/v2\/product\/91553","targetHints":{"allow":["GET"]}}],"collection":[{"href":"https:\/\/www.veneciacr.com\/index.php\/wp-json\/wp\/v2\/product"}],"about":[{"href":"https:\/\/www.veneciacr.com\/index.php\/wp-json\/wp\/v2\/types\/product"}],"replies":[{"embeddable":true,"href":"https:\/\/www.veneciacr.com\/index.php\/wp-json\/wp\/v2\/comments?post=91553"}],"wp:featuredmedia":[{"embeddable":true,"href":"https:\/\/www.veneciacr.com\/index.php\/wp-json\/wp\/v2\/media\/91554"}],"wp:attachment":[{"href":"https:\/\/www.veneciacr.com\/index.php\/wp-json\/wp\/v2\/media?parent=91553"}],"wp:term":[{"taxonomy":"product_brand","embeddable":true,"href":"https:\/\/www.veneciacr.com\/index.php\/wp-json\/wp\/v2\/product_brand?post=91553"},{"taxonomy":"product_cat","embeddable":true,"href":"https:\/\/www.veneciacr.com\/index.php\/wp-json\/wp\/v2\/product_cat?post=91553"},{"taxonomy":"product_tag","embeddable":true,"href":"https:\/\/www.veneciacr.com\/index.php\/wp-json\/wp\/v2\/product_tag?post=91553"}],"curies":[{"name":"wp","href":"https:\/\/api.w.org\/{rel}","templated":true}]}}