{"id":91551,"date":"2026-04-21T03:26:08","date_gmt":"2026-04-21T09:26:08","guid":{"rendered":"https:\/\/www.veneciacr.com\/index.php\/producto\/perilla-madera-dorado-per-062-hermex\/"},"modified":"2026-04-21T03:26:10","modified_gmt":"2026-04-21T09:26:10","slug":"perilla-madera-dorado-per-062-hermex-pe85","status":"publish","type":"product","link":"https:\/\/www.veneciacr.com\/index.php\/producto\/perilla-madera-dorado-per-062-hermex-pe85\/","title":{"rendered":"PERILLA MADERA DORADO PER-062 HERMEX PE85"},"content":{"rendered":"<p>Met\u00e1lica con acabado lat\u00f3n brillante<\/p>\n<p>Para uso en carpinter\u00eda<\/p>\n<p>Ideal para instalar en puertas y cajones, para muebles de madera<\/p>\n","protected":false},"excerpt":{"rendered":"<p>Met\u00e1lica con acabado lat\u00f3n brillante Para uso en carpinter\u00eda Ideal para instalar en puertas y cajones, para muebles de madera<\/p>\n","protected":false},"featured_media":91552,"comment_status":"closed","ping_status":"open","template":"","meta":[],"product_brand":[],"product_cat":[91,19],"product_tag":[],"class_list":{"0":"post-91551","1":"product","2":"type-product","3":"status-publish","4":"has-post-thumbnail","6":"product_cat-agarraderas-y-bisagras","7":"product_cat-ferreteria","9":"first","10":"instock","11":"purchasable","12":"product-type-simple"},"jetpack_sharing_enabled":true,"_links":{"self":[{"href":"https:\/\/www.veneciacr.com\/index.php\/wp-json\/wp\/v2\/product\/91551","targetHints":{"allow":["GET"]}}],"collection":[{"href":"https:\/\/www.veneciacr.com\/index.php\/wp-json\/wp\/v2\/product"}],"about":[{"href":"https:\/\/www.veneciacr.com\/index.php\/wp-json\/wp\/v2\/types\/product"}],"replies":[{"embeddable":true,"href":"https:\/\/www.veneciacr.com\/index.php\/wp-json\/wp\/v2\/comments?post=91551"}],"wp:featuredmedia":[{"embeddable":true,"href":"https:\/\/www.veneciacr.com\/index.php\/wp-json\/wp\/v2\/media\/91552"}],"wp:attachment":[{"href":"https:\/\/www.veneciacr.com\/index.php\/wp-json\/wp\/v2\/media?parent=91551"}],"wp:term":[{"taxonomy":"product_brand","embeddable":true,"href":"https:\/\/www.veneciacr.com\/index.php\/wp-json\/wp\/v2\/product_brand?post=91551"},{"taxonomy":"product_cat","embeddable":true,"href":"https:\/\/www.veneciacr.com\/index.php\/wp-json\/wp\/v2\/product_cat?post=91551"},{"taxonomy":"product_tag","embeddable":true,"href":"https:\/\/www.veneciacr.com\/index.php\/wp-json\/wp\/v2\/product_tag?post=91551"}],"curies":[{"name":"wp","href":"https:\/\/api.w.org\/{rel}","templated":true}]}}