{"id":91527,"date":"2026-04-21T02:34:57","date_gmt":"2026-04-21T08:34:57","guid":{"rendered":"https:\/\/www.veneciacr.com\/index.php\/producto\/agarradera-dorada-y-blanca-76mm-jal-0651-hermex\/"},"modified":"2026-04-21T02:34:58","modified_gmt":"2026-04-21T08:34:58","slug":"agarradera-dorada-y-blanca-76mm-jal-0651-hermex-pe120","status":"publish","type":"product","link":"https:\/\/www.veneciacr.com\/index.php\/producto\/agarradera-dorada-y-blanca-76mm-jal-0651-hermex-pe120\/","title":{"rendered":"AGARRADERA DORADA Y BLANCA 76MM JAL-0651 HERMEX PE120"},"content":{"rendered":"<p>Met\u00e1lica, acabado lat\u00f3n brillante<\/p>\n<p>Para uso en carpinter\u00eda<\/p>\n<p>Ideal para instalar en puertas y cajones, para muebles de madera<\/p>\n","protected":false},"excerpt":{"rendered":"<p>Met\u00e1lica, acabado lat\u00f3n brillante Para uso en carpinter\u00eda Ideal para instalar en puertas y cajones, para muebles de madera<\/p>\n","protected":false},"featured_media":91528,"comment_status":"closed","ping_status":"open","template":"","meta":[],"product_brand":[],"product_cat":[91,19],"product_tag":[],"class_list":{"0":"post-91527","1":"product","2":"type-product","3":"status-publish","4":"has-post-thumbnail","6":"product_cat-agarraderas-y-bisagras","7":"product_cat-ferreteria","9":"first","10":"instock","11":"purchasable","12":"product-type-simple"},"jetpack_sharing_enabled":true,"_links":{"self":[{"href":"https:\/\/www.veneciacr.com\/index.php\/wp-json\/wp\/v2\/product\/91527","targetHints":{"allow":["GET"]}}],"collection":[{"href":"https:\/\/www.veneciacr.com\/index.php\/wp-json\/wp\/v2\/product"}],"about":[{"href":"https:\/\/www.veneciacr.com\/index.php\/wp-json\/wp\/v2\/types\/product"}],"replies":[{"embeddable":true,"href":"https:\/\/www.veneciacr.com\/index.php\/wp-json\/wp\/v2\/comments?post=91527"}],"wp:featuredmedia":[{"embeddable":true,"href":"https:\/\/www.veneciacr.com\/index.php\/wp-json\/wp\/v2\/media\/91528"}],"wp:attachment":[{"href":"https:\/\/www.veneciacr.com\/index.php\/wp-json\/wp\/v2\/media?parent=91527"}],"wp:term":[{"taxonomy":"product_brand","embeddable":true,"href":"https:\/\/www.veneciacr.com\/index.php\/wp-json\/wp\/v2\/product_brand?post=91527"},{"taxonomy":"product_cat","embeddable":true,"href":"https:\/\/www.veneciacr.com\/index.php\/wp-json\/wp\/v2\/product_cat?post=91527"},{"taxonomy":"product_tag","embeddable":true,"href":"https:\/\/www.veneciacr.com\/index.php\/wp-json\/wp\/v2\/product_tag?post=91527"}],"curies":[{"name":"wp","href":"https:\/\/api.w.org\/{rel}","templated":true}]}}