{"id":91499,"date":"2026-04-23T01:58:17","date_gmt":"2026-04-23T07:58:17","guid":{"rendered":"https:\/\/www.veneciacr.com\/index.php\/producto\/cautin-tipo-pistola-40w-cau-40e-truper\/"},"modified":"2026-04-23T01:58:17","modified_gmt":"2026-04-23T07:58:17","slug":"cautin-tipo-pistola-40w-cau-40e-truper","status":"publish","type":"product","link":"https:\/\/www.veneciacr.com\/index.php\/producto\/cautin-tipo-pistola-40w-cau-40e-truper\/","title":{"rendered":"CAUTIN TIPO PISTOLA 40W CAU-40E TRUPER"},"content":{"rendered":"<p>Punta cubierta de hierro y esta\u00f1o, 10X m\u00e1s durable que las puntas convencionales<\/p>\n<p>Para trabajos de precisi\u00f3n<\/p>\n<div class=\"col-6\">\n<div class=\"table-responsive tabla_border\">\n<table class=\"table table-bordered table_info_prod align-middle m-0\">\n<tbody>\n<tr id=\"tabla_especs\">\n<th class=\"tamanio_th_especs\" scope=\"row\">\n<p class=\"margen_tabla_especs\">Potencia dual<\/p>\n<\/th>\n<td>\n<p class=\"margen_tabla_especs\">25 W \/ 40 W (M\u00e1ximo)<\/p>\n<\/td>\n<\/tr>\n<tr id=\"tabla_especs\">\n<th class=\"tamanio_th_especs\" scope=\"row\">\n<p class=\"margen_tabla_especs\">Temperatura m\u00e1xima<\/p>\n<\/th>\n<td>\n<p class=\"margen_tabla_especs\">300 \u00b0C<\/p>\n<\/td>\n<\/tr>\n<tr id=\"tabla_especs\">\n<th class=\"tamanio_th_especs\" scope=\"row\">\n<p class=\"margen_tabla_especs\">Ciclo de trabajo a corriente nominal<\/p>\n<\/th>\n<td>\n<p class=\"margen_tabla_especs\">30 segundos de trabajo por 2 minutos de descanso en potencia m\u00e1xima<\/p>\n<\/td>\n<\/tr>\n<tr id=\"tabla_especs\">\n<th class=\"tamanio_th_especs\" scope=\"row\">\n<p class=\"margen_tabla_especs\">Empaque individual<\/p>\n<\/th>\n<td>\n<p class=\"margen_tabla_especs\">Bl\u00edster<\/p>\n<\/td>\n<\/tr>\n<tr id=\"tabla_especs\">\n<th class=\"tamanio_th_especs\" scope=\"row\"><\/th>\n<td><\/td>\n<\/tr>\n<\/tbody>\n<\/table>\n<\/div>\n<\/div>\n<div class=\"col-6\">\n<div class=\"table-responsive tabla_border\">\n<table class=\"table table-bordered table_info_prod align-middle m-0\">\n<tbody>\n<tr id=\"tabla_especs\">\n<th class=\"tamanio_th_especs\" scope=\"row\">\n<p class=\"margen_tabla_especs\">Tensi\u00f3n \/ Frecuencia<\/p>\n<\/th>\n<td>\n<p class=\"margen_tabla_especs\">120 V \/ 60 Hz<\/p>\n<\/td>\n<\/tr>\n<tr id=\"tabla_especs\">\n<th class=\"tamanio_th_especs\" scope=\"row\">\n<p class=\"margen_tabla_especs\">Di\u00e1metro de punta<\/p>\n<\/th>\n<td>\n<p class=\"margen_tabla_especs\">5.4 mm<\/p>\n<\/td>\n<\/tr>\n<tr id=\"tabla_especs\">\n<th class=\"tamanio_th_especs\" scope=\"row\">\n<p class=\"margen_tabla_especs\">Dimensiones (Largo x Alto)<\/p>\n<\/th>\n<td>\n<p class=\"margen_tabla_especs\">19 cm x 11 cm<\/p>\n<\/td>\n<\/tr>\n<\/tbody>\n<\/table>\n<\/div>\n<\/div>\n","protected":false},"excerpt":{"rendered":"<p>Punta cubierta de hierro y esta\u00f1o, 10X m\u00e1s durable que las puntas convencionales Para trabajos de precisi\u00f3n Potencia dual 25<\/p>\n","protected":false},"featured_media":91500,"comment_status":"closed","ping_status":"open","template":"","meta":[],"product_brand":[],"product_cat":[15],"product_tag":[],"class_list":{"0":"post-91499","1":"product","2":"type-product","3":"status-publish","4":"has-post-thumbnail","6":"product_cat-uncategorized","8":"first","9":"instock","10":"purchasable","11":"product-type-simple"},"jetpack_sharing_enabled":true,"_links":{"self":[{"href":"https:\/\/www.veneciacr.com\/index.php\/wp-json\/wp\/v2\/product\/91499","targetHints":{"allow":["GET"]}}],"collection":[{"href":"https:\/\/www.veneciacr.com\/index.php\/wp-json\/wp\/v2\/product"}],"about":[{"href":"https:\/\/www.veneciacr.com\/index.php\/wp-json\/wp\/v2\/types\/product"}],"replies":[{"embeddable":true,"href":"https:\/\/www.veneciacr.com\/index.php\/wp-json\/wp\/v2\/comments?post=91499"}],"wp:featuredmedia":[{"embeddable":true,"href":"https:\/\/www.veneciacr.com\/index.php\/wp-json\/wp\/v2\/media\/91500"}],"wp:attachment":[{"href":"https:\/\/www.veneciacr.com\/index.php\/wp-json\/wp\/v2\/media?parent=91499"}],"wp:term":[{"taxonomy":"product_brand","embeddable":true,"href":"https:\/\/www.veneciacr.com\/index.php\/wp-json\/wp\/v2\/product_brand?post=91499"},{"taxonomy":"product_cat","embeddable":true,"href":"https:\/\/www.veneciacr.com\/index.php\/wp-json\/wp\/v2\/product_cat?post=91499"},{"taxonomy":"product_tag","embeddable":true,"href":"https:\/\/www.veneciacr.com\/index.php\/wp-json\/wp\/v2\/product_tag?post=91499"}],"curies":[{"name":"wp","href":"https:\/\/api.w.org\/{rel}","templated":true}]}}