{"id":91497,"date":"2026-04-21T02:35:11","date_gmt":"2026-04-21T08:35:11","guid":{"rendered":"https:\/\/www.veneciacr.com\/index.php\/producto\/jgo-pistola-sopletear-5-boq-piso-5x-truper\/"},"modified":"2026-04-21T02:35:12","modified_gmt":"2026-04-21T08:35:12","slug":"set-pistola-sopletear-5-boq-piso-5x-truper","status":"publish","type":"product","link":"https:\/\/www.veneciacr.com\/index.php\/producto\/set-pistola-sopletear-5-boq-piso-5x-truper\/","title":{"rendered":"SET PISTOLA SOPLETEAR 5 BOQ PISO-5X TRUPER"},"content":{"rendered":"<p>Resistente cuerpo fabricado en aluminio<br \/>\nFlujo de aire variable controlado por el gatillo<br \/>\nDise\u00f1o compacto<\/p>\n<p>ESPECIFICACIONES<br \/>\nPresi\u00f3n m\u00e1xima: 150 PSI<br \/>\nRango de presi\u00f3n: 0 a 150 PSI<br \/>\nEntrada del conector: 1\/4 NPT<br \/>\nEmpaque individual: Blister<br \/>\n1 Boquilla con 12 orificios<br \/>\n1 Boquilla con 2 orificios<br \/>\n1 Boquilla con extensi\u00f3n de 6 1\/2&#8243; (17 cm)<br \/>\n1 Boquilla con extensi\u00f3n de 3 1\/2&#8243; (9 cm)<br \/>\nBoquilla c\u00f3nica con cubierta pl\u00e1stica<\/p>\n<p>Aplicaciones<br \/>\nIdeal para secado y eliminaci\u00f3n de polvo y virutas<\/p>\n","protected":false},"excerpt":{"rendered":"<p>Resistente cuerpo fabricado en aluminio Flujo de aire variable controlado por el gatillo Dise\u00f1o compacto ESPECIFICACIONES Presi\u00f3n m\u00e1xima: 150 PSI<\/p>\n","protected":false},"featured_media":91498,"comment_status":"closed","ping_status":"open","template":"","meta":[],"product_brand":[],"product_cat":[15],"product_tag":[],"class_list":{"0":"post-91497","1":"product","2":"type-product","3":"status-publish","4":"has-post-thumbnail","6":"product_cat-uncategorized","8":"first","9":"instock","10":"purchasable","11":"product-type-simple"},"jetpack_sharing_enabled":true,"_links":{"self":[{"href":"https:\/\/www.veneciacr.com\/index.php\/wp-json\/wp\/v2\/product\/91497","targetHints":{"allow":["GET"]}}],"collection":[{"href":"https:\/\/www.veneciacr.com\/index.php\/wp-json\/wp\/v2\/product"}],"about":[{"href":"https:\/\/www.veneciacr.com\/index.php\/wp-json\/wp\/v2\/types\/product"}],"replies":[{"embeddable":true,"href":"https:\/\/www.veneciacr.com\/index.php\/wp-json\/wp\/v2\/comments?post=91497"}],"wp:featuredmedia":[{"embeddable":true,"href":"https:\/\/www.veneciacr.com\/index.php\/wp-json\/wp\/v2\/media\/91498"}],"wp:attachment":[{"href":"https:\/\/www.veneciacr.com\/index.php\/wp-json\/wp\/v2\/media?parent=91497"}],"wp:term":[{"taxonomy":"product_brand","embeddable":true,"href":"https:\/\/www.veneciacr.com\/index.php\/wp-json\/wp\/v2\/product_brand?post=91497"},{"taxonomy":"product_cat","embeddable":true,"href":"https:\/\/www.veneciacr.com\/index.php\/wp-json\/wp\/v2\/product_cat?post=91497"},{"taxonomy":"product_tag","embeddable":true,"href":"https:\/\/www.veneciacr.com\/index.php\/wp-json\/wp\/v2\/product_tag?post=91497"}],"curies":[{"name":"wp","href":"https:\/\/api.w.org\/{rel}","templated":true}]}}