{"id":91454,"date":"2026-04-21T02:35:24","date_gmt":"2026-04-21T08:35:24","guid":{"rendered":"https:\/\/www.veneciacr.com\/index.php\/producto\/alicate-extension-euro-7-pex-7e-truper\/"},"modified":"2026-04-21T02:35:27","modified_gmt":"2026-04-21T08:35:27","slug":"alicate-extension-euro-7-pex-7e-truper","status":"publish","type":"product","link":"https:\/\/www.veneciacr.com\/index.php\/producto\/alicate-extension-euro-7-pex-7e-truper\/","title":{"rendered":"ALICATE EXTENSION EURO 7&#8243; PEX-7E TRUPER"},"content":{"rendered":"<p>Fabricada de acero al cromo vanadio, 2X m\u00e1s resistente a la corrosi\u00f3n<\/p>\n<p>Cabeza esbelta ideal para zonas de dif\u00edcil acceso<\/p>\n<p>Acabado pulido para f\u00e1cil limpieza<\/p>\n<p>Mango cubierto de PVC que absorbe el esfuerzo y ofrece mayor comodidad<\/p>\n<p>Mordaza universal que permite sostener m\u00faltiples geometr\u00edas, agarre perfecto con m\u00ednimo esfuerzo<\/p>\n","protected":false},"excerpt":{"rendered":"<p>Fabricada de acero al cromo vanadio, 2X m\u00e1s resistente a la corrosi\u00f3n Cabeza esbelta ideal para zonas de dif\u00edcil acceso<\/p>\n","protected":false},"featured_media":91455,"comment_status":"closed","ping_status":"open","template":"","meta":[],"product_brand":[],"product_cat":[15],"product_tag":[],"class_list":{"0":"post-91454","1":"product","2":"type-product","3":"status-publish","4":"has-post-thumbnail","6":"product_cat-uncategorized","8":"first","9":"instock","10":"purchasable","11":"product-type-simple"},"jetpack_sharing_enabled":true,"_links":{"self":[{"href":"https:\/\/www.veneciacr.com\/index.php\/wp-json\/wp\/v2\/product\/91454","targetHints":{"allow":["GET"]}}],"collection":[{"href":"https:\/\/www.veneciacr.com\/index.php\/wp-json\/wp\/v2\/product"}],"about":[{"href":"https:\/\/www.veneciacr.com\/index.php\/wp-json\/wp\/v2\/types\/product"}],"replies":[{"embeddable":true,"href":"https:\/\/www.veneciacr.com\/index.php\/wp-json\/wp\/v2\/comments?post=91454"}],"wp:featuredmedia":[{"embeddable":true,"href":"https:\/\/www.veneciacr.com\/index.php\/wp-json\/wp\/v2\/media\/91455"}],"wp:attachment":[{"href":"https:\/\/www.veneciacr.com\/index.php\/wp-json\/wp\/v2\/media?parent=91454"}],"wp:term":[{"taxonomy":"product_brand","embeddable":true,"href":"https:\/\/www.veneciacr.com\/index.php\/wp-json\/wp\/v2\/product_brand?post=91454"},{"taxonomy":"product_cat","embeddable":true,"href":"https:\/\/www.veneciacr.com\/index.php\/wp-json\/wp\/v2\/product_cat?post=91454"},{"taxonomy":"product_tag","embeddable":true,"href":"https:\/\/www.veneciacr.com\/index.php\/wp-json\/wp\/v2\/product_tag?post=91454"}],"curies":[{"name":"wp","href":"https:\/\/api.w.org\/{rel}","templated":true}]}}