{"id":91444,"date":"2026-04-21T02:35:27","date_gmt":"2026-04-21T08:35:27","guid":{"rendered":"https:\/\/www.veneciacr.com\/index.php\/producto\/anteojo-seguridad-p-laser-rojo-len-nl-truper\/"},"modified":"2026-04-21T02:35:29","modified_gmt":"2026-04-21T08:35:29","slug":"anteojo-seguridad-para-laser-rojo-len-nl-truper","status":"publish","type":"product","link":"https:\/\/www.veneciacr.com\/index.php\/producto\/anteojo-seguridad-para-laser-rojo-len-nl-truper\/","title":{"rendered":"ANTEOJO SEGURIDAD PARA LASER ROJO LEN-NL TRUPER"},"content":{"rendered":"<p>Mica 100% policarbonato con protecci\u00f3n UV y antirayadura<\/p>\n<p>Aumenta la visibilidad del haz de luz rojo del l\u00e1ser<\/p>\n<p>Ventilaci\u00f3n lateral<\/p>\n<p>Se recomienda su uso con los niveles l\u00e1ser modelos NL-10 y NL-20 marca Truper\u00ae<\/p>\n<p>Precauci\u00f3n: no usar por periodos de tiempo prolongados ni en condiciones de luz muy brillantes<\/p>\n","protected":false},"excerpt":{"rendered":"<p>Mica 100% policarbonato con protecci\u00f3n UV y antirayadura Aumenta la visibilidad del haz de luz rojo del l\u00e1ser Ventilaci\u00f3n lateral<\/p>\n","protected":false},"featured_media":91445,"comment_status":"closed","ping_status":"open","template":"","meta":[],"product_brand":[],"product_cat":[15],"product_tag":[],"class_list":{"0":"post-91444","1":"product","2":"type-product","3":"status-publish","4":"has-post-thumbnail","6":"product_cat-uncategorized","8":"first","9":"instock","10":"purchasable","11":"product-type-simple"},"jetpack_sharing_enabled":true,"_links":{"self":[{"href":"https:\/\/www.veneciacr.com\/index.php\/wp-json\/wp\/v2\/product\/91444","targetHints":{"allow":["GET"]}}],"collection":[{"href":"https:\/\/www.veneciacr.com\/index.php\/wp-json\/wp\/v2\/product"}],"about":[{"href":"https:\/\/www.veneciacr.com\/index.php\/wp-json\/wp\/v2\/types\/product"}],"replies":[{"embeddable":true,"href":"https:\/\/www.veneciacr.com\/index.php\/wp-json\/wp\/v2\/comments?post=91444"}],"wp:featuredmedia":[{"embeddable":true,"href":"https:\/\/www.veneciacr.com\/index.php\/wp-json\/wp\/v2\/media\/91445"}],"wp:attachment":[{"href":"https:\/\/www.veneciacr.com\/index.php\/wp-json\/wp\/v2\/media?parent=91444"}],"wp:term":[{"taxonomy":"product_brand","embeddable":true,"href":"https:\/\/www.veneciacr.com\/index.php\/wp-json\/wp\/v2\/product_brand?post=91444"},{"taxonomy":"product_cat","embeddable":true,"href":"https:\/\/www.veneciacr.com\/index.php\/wp-json\/wp\/v2\/product_cat?post=91444"},{"taxonomy":"product_tag","embeddable":true,"href":"https:\/\/www.veneciacr.com\/index.php\/wp-json\/wp\/v2\/product_tag?post=91444"}],"curies":[{"name":"wp","href":"https:\/\/api.w.org\/{rel}","templated":true}]}}