{"id":91400,"date":"2026-05-12T01:55:52","date_gmt":"2026-05-12T07:55:52","guid":{"rendered":"https:\/\/www.veneciacr.com\/index.php\/producto\/soplete-c-encendido-electrico-1-4-vuelta-boq-90p-truper\/"},"modified":"2026-05-12T01:55:52","modified_gmt":"2026-05-12T07:55:52","slug":"soplete-encendido-electrico-1-4-vuelta-boq-90p-truper","status":"publish","type":"product","link":"https:\/\/www.veneciacr.com\/index.php\/producto\/soplete-encendido-electrico-1-4-vuelta-boq-90p-truper\/","title":{"rendered":"SOPLETE ENCENDIDO ELECTRICO 1\/4 VUELTA BOQ-90P TRUPER"},"content":{"rendered":"<p>Boquilla pl\u00e1stica con enc electr\u00f3nico p\/lata de 1\/4 vuelta<br \/>\nBoquilla ligera con cuerpo pl\u00e1stico y boquilla de acero inoxidable<br \/>\nAjuste preciso de flama<br \/>\nEncendido instant\u00e1neo<br \/>\nBoquilla angulada 45\u00b0 para mayor ergonom\u00eda<br \/>\nDifusor de calor para direccionar la flama y calentar m\u00e1s r\u00e1pido el \u00e1rea de trabajo<br \/>\n11985-01<br \/>\n1\/4 de vuelta<\/p>\n<p>Especificaciones<br \/>\nLargo 140 mm<br \/>\nEmpaque individual Bl\u00edster<\/p>\n","protected":false},"excerpt":{"rendered":"<p>Boquilla pl\u00e1stica con enc electr\u00f3nico p\/lata de 1\/4 vuelta Boquilla ligera con cuerpo pl\u00e1stico y boquilla de acero inoxidable Ajuste<\/p>\n","protected":false},"featured_media":91401,"comment_status":"closed","ping_status":"open","template":"","meta":[],"product_brand":[],"product_cat":[15],"product_tag":[],"class_list":{"0":"post-91400","1":"product","2":"type-product","3":"status-publish","4":"has-post-thumbnail","6":"product_cat-uncategorized","8":"first","9":"instock","10":"purchasable","11":"product-type-simple"},"jetpack_sharing_enabled":true,"_links":{"self":[{"href":"https:\/\/www.veneciacr.com\/index.php\/wp-json\/wp\/v2\/product\/91400","targetHints":{"allow":["GET"]}}],"collection":[{"href":"https:\/\/www.veneciacr.com\/index.php\/wp-json\/wp\/v2\/product"}],"about":[{"href":"https:\/\/www.veneciacr.com\/index.php\/wp-json\/wp\/v2\/types\/product"}],"replies":[{"embeddable":true,"href":"https:\/\/www.veneciacr.com\/index.php\/wp-json\/wp\/v2\/comments?post=91400"}],"wp:featuredmedia":[{"embeddable":true,"href":"https:\/\/www.veneciacr.com\/index.php\/wp-json\/wp\/v2\/media\/91401"}],"wp:attachment":[{"href":"https:\/\/www.veneciacr.com\/index.php\/wp-json\/wp\/v2\/media?parent=91400"}],"wp:term":[{"taxonomy":"product_brand","embeddable":true,"href":"https:\/\/www.veneciacr.com\/index.php\/wp-json\/wp\/v2\/product_brand?post=91400"},{"taxonomy":"product_cat","embeddable":true,"href":"https:\/\/www.veneciacr.com\/index.php\/wp-json\/wp\/v2\/product_cat?post=91400"},{"taxonomy":"product_tag","embeddable":true,"href":"https:\/\/www.veneciacr.com\/index.php\/wp-json\/wp\/v2\/product_tag?post=91400"}],"curies":[{"name":"wp","href":"https:\/\/api.w.org\/{rel}","templated":true}]}}