{"id":91392,"date":"2026-05-13T01:58:20","date_gmt":"2026-05-13T07:58:20","guid":{"rendered":"https:\/\/www.veneciacr.com\/index.php\/producto\/broca-avellanadora-madera-6-bam-6-truper\/"},"modified":"2026-05-13T01:58:21","modified_gmt":"2026-05-13T07:58:21","slug":"broca-avellanadora-madera-6-bam-6-truper","status":"publish","type":"product","link":"https:\/\/www.veneciacr.com\/index.php\/producto\/broca-avellanadora-madera-6-bam-6-truper\/","title":{"rendered":"BROCA AVELLANADORA MADERA #6 BAM-6 TRUPER"},"content":{"rendered":"<p>Fabricada en acero M2<\/p>\n<p>Avellanador ajustable de 4 filos para cortes limpios<\/p>\n<p>Punta c\u00f3nica, para taladrar r\u00e1pidamente agujeros gu\u00eda<\/p>\n<p>Profundidad ajustable para diferentes longitudes de tornillo<\/p>\n<p>Fijaci\u00f3n con tornillo hexagonal<\/p>\n<div class=\"col-6\">\n<div class=\"table-responsive tabla_border\">\n<table class=\"table table-bordered table_info_prod align-middle m-0\">\n<tbody>\n<tr id=\"tabla_especs\">\n<th class=\"tamanio_th_especs\" scope=\"row\">\n<p class=\"margen_tabla_especs\">N\u00famero de tornillo<\/p>\n<\/th>\n<td>\n<p class=\"margen_tabla_especs\">6<\/p>\n<\/td>\n<\/tr>\n<tr id=\"tabla_especs\">\n<th class=\"tamanio_th_especs\" scope=\"row\">\n<p class=\"margen_tabla_especs\">Largo de trabajo<\/p>\n<\/th>\n<td>\n<p class=\"margen_tabla_especs\">1 9\/16&#8243; (40 mm)<\/p>\n<\/td>\n<\/tr>\n<tr id=\"tabla_especs\">\n<th class=\"tamanio_th_especs\" scope=\"row\"><\/th>\n<td><\/td>\n<\/tr>\n<tr id=\"tabla_especs\">\n<th class=\"tamanio_th_especs\" scope=\"row\"><\/th>\n<td><\/td>\n<\/tr>\n<\/tbody>\n<\/table>\n<\/div>\n<\/div>\n<div class=\"col-6\">\n<div class=\"table-responsive tabla_border\">\n<table class=\"table table-bordered table_info_prod align-middle m-0\">\n<tbody>\n<tr id=\"tabla_especs\">\n<th class=\"tamanio_th_especs\" scope=\"row\">\n<p class=\"margen_tabla_especs\">Di\u00e1metro<\/p>\n<\/th>\n<td>\n<p class=\"margen_tabla_especs\">9\/64&#8243; (3.5 mm)<\/p>\n<\/td>\n<\/tr>\n<\/tbody>\n<\/table>\n<\/div>\n<\/div>\n","protected":false},"excerpt":{"rendered":"<p>Fabricada en acero M2 Avellanador ajustable de 4 filos para cortes limpios Punta c\u00f3nica, para taladrar r\u00e1pidamente agujeros gu\u00eda Profundidad<\/p>\n","protected":false},"featured_media":91393,"comment_status":"closed","ping_status":"open","template":"","meta":[],"product_brand":[],"product_cat":[86,23],"product_tag":[],"class_list":{"0":"post-91392","1":"product","2":"type-product","3":"status-publish","4":"has-post-thumbnail","6":"product_cat-accesorios-para-herramientas-electricas","7":"product_cat-herramientas","9":"first","10":"instock","11":"purchasable","12":"product-type-simple"},"jetpack_sharing_enabled":true,"_links":{"self":[{"href":"https:\/\/www.veneciacr.com\/index.php\/wp-json\/wp\/v2\/product\/91392","targetHints":{"allow":["GET"]}}],"collection":[{"href":"https:\/\/www.veneciacr.com\/index.php\/wp-json\/wp\/v2\/product"}],"about":[{"href":"https:\/\/www.veneciacr.com\/index.php\/wp-json\/wp\/v2\/types\/product"}],"replies":[{"embeddable":true,"href":"https:\/\/www.veneciacr.com\/index.php\/wp-json\/wp\/v2\/comments?post=91392"}],"wp:featuredmedia":[{"embeddable":true,"href":"https:\/\/www.veneciacr.com\/index.php\/wp-json\/wp\/v2\/media\/91393"}],"wp:attachment":[{"href":"https:\/\/www.veneciacr.com\/index.php\/wp-json\/wp\/v2\/media?parent=91392"}],"wp:term":[{"taxonomy":"product_brand","embeddable":true,"href":"https:\/\/www.veneciacr.com\/index.php\/wp-json\/wp\/v2\/product_brand?post=91392"},{"taxonomy":"product_cat","embeddable":true,"href":"https:\/\/www.veneciacr.com\/index.php\/wp-json\/wp\/v2\/product_cat?post=91392"},{"taxonomy":"product_tag","embeddable":true,"href":"https:\/\/www.veneciacr.com\/index.php\/wp-json\/wp\/v2\/product_tag?post=91392"}],"curies":[{"name":"wp","href":"https:\/\/api.w.org\/{rel}","templated":true}]}}