{"id":91366,"date":"2026-04-21T02:35:52","date_gmt":"2026-04-21T08:35:52","guid":{"rendered":"https:\/\/www.veneciacr.com\/index.php\/producto\/cerradura-elect-c-boton-izq-cem-32i-hermex\/"},"modified":"2026-04-21T02:35:52","modified_gmt":"2026-04-21T08:35:52","slug":"cerradura-elect-con-boton-izq-cem-32i-hermex","status":"publish","type":"product","link":"https:\/\/www.veneciacr.com\/index.php\/producto\/cerradura-elect-con-boton-izq-cem-32i-hermex\/","title":{"rendered":"CERRADURA ELECT CON BOTON IZQ CEM-32I HERMEX"},"content":{"rendered":"<p>Cilindro de lat\u00f3n s\u00f3lido con 5 pernos para mayor seguridad contra robos<\/p>\n<p>Bot\u00f3n de apertura desde el interior<\/p>\n<p>Para apertura de puertas a distancia, se adapta a interf\u00f3n<\/p>\n<p>Opera con llave en caso de interrupci\u00f3n el\u00e9ctrica<\/p>\n<p>Para colocaci\u00f3n en puertas met\u00e1licas o de madera con espesor hasta de 2&#8243; (50 mm)<\/p>\n","protected":false},"excerpt":{"rendered":"<p>Cilindro de lat\u00f3n s\u00f3lido con 5 pernos para mayor seguridad contra robos Bot\u00f3n de apertura desde el interior Para apertura<\/p>\n","protected":false},"featured_media":91367,"comment_status":"closed","ping_status":"open","template":"","meta":[],"product_brand":[],"product_cat":[19,95],"product_tag":[],"class_list":{"0":"post-91366","1":"product","2":"type-product","3":"status-publish","4":"has-post-thumbnail","6":"product_cat-ferreteria","7":"product_cat-llavines-y-cerraduras","9":"first","10":"instock","11":"purchasable","12":"product-type-simple"},"jetpack_sharing_enabled":true,"_links":{"self":[{"href":"https:\/\/www.veneciacr.com\/index.php\/wp-json\/wp\/v2\/product\/91366","targetHints":{"allow":["GET"]}}],"collection":[{"href":"https:\/\/www.veneciacr.com\/index.php\/wp-json\/wp\/v2\/product"}],"about":[{"href":"https:\/\/www.veneciacr.com\/index.php\/wp-json\/wp\/v2\/types\/product"}],"replies":[{"embeddable":true,"href":"https:\/\/www.veneciacr.com\/index.php\/wp-json\/wp\/v2\/comments?post=91366"}],"wp:featuredmedia":[{"embeddable":true,"href":"https:\/\/www.veneciacr.com\/index.php\/wp-json\/wp\/v2\/media\/91367"}],"wp:attachment":[{"href":"https:\/\/www.veneciacr.com\/index.php\/wp-json\/wp\/v2\/media?parent=91366"}],"wp:term":[{"taxonomy":"product_brand","embeddable":true,"href":"https:\/\/www.veneciacr.com\/index.php\/wp-json\/wp\/v2\/product_brand?post=91366"},{"taxonomy":"product_cat","embeddable":true,"href":"https:\/\/www.veneciacr.com\/index.php\/wp-json\/wp\/v2\/product_cat?post=91366"},{"taxonomy":"product_tag","embeddable":true,"href":"https:\/\/www.veneciacr.com\/index.php\/wp-json\/wp\/v2\/product_tag?post=91366"}],"curies":[{"name":"wp","href":"https:\/\/api.w.org\/{rel}","templated":true}]}}