{"id":91342,"date":"2026-04-21T02:35:58","date_gmt":"2026-04-21T08:35:58","guid":{"rendered":"https:\/\/www.veneciacr.com\/index.php\/producto\/cortadora-ceramica-60cm-41032-tolsen\/"},"modified":"2026-04-21T02:35:59","modified_gmt":"2026-04-21T08:35:59","slug":"cortadora-ceramica-60cm-41032-tolsen","status":"publish","type":"product","link":"https:\/\/www.veneciacr.com\/index.php\/producto\/cortadora-ceramica-60cm-41032-tolsen\/","title":{"rendered":"CORTADORA CERAMICA 60CM 41032 TOLSEN"},"content":{"rendered":"<p>\u2022 Cuchillas de corte reemplazables: \u00d815x\u00d86\u00d71,5 mm<br \/>\n\u2022 Corte m\u00e1ximo: 12 mm<br \/>\n\u2022 Embalaje: caja de color<\/p>\n","protected":false},"excerpt":{"rendered":"<p>\u2022 Cuchillas de corte reemplazables: \u00d815x\u00d86\u00d71,5 mm \u2022 Corte m\u00e1ximo: 12 mm \u2022 Embalaje: caja de color<\/p>\n","protected":false},"featured_media":91343,"comment_status":"closed","ping_status":"open","template":"","meta":[],"product_brand":[],"product_cat":[15],"product_tag":[],"class_list":{"0":"post-91342","1":"product","2":"type-product","3":"status-publish","4":"has-post-thumbnail","6":"product_cat-uncategorized","8":"first","9":"instock","10":"purchasable","11":"product-type-simple"},"jetpack_sharing_enabled":true,"_links":{"self":[{"href":"https:\/\/www.veneciacr.com\/index.php\/wp-json\/wp\/v2\/product\/91342","targetHints":{"allow":["GET"]}}],"collection":[{"href":"https:\/\/www.veneciacr.com\/index.php\/wp-json\/wp\/v2\/product"}],"about":[{"href":"https:\/\/www.veneciacr.com\/index.php\/wp-json\/wp\/v2\/types\/product"}],"replies":[{"embeddable":true,"href":"https:\/\/www.veneciacr.com\/index.php\/wp-json\/wp\/v2\/comments?post=91342"}],"wp:featuredmedia":[{"embeddable":true,"href":"https:\/\/www.veneciacr.com\/index.php\/wp-json\/wp\/v2\/media\/91343"}],"wp:attachment":[{"href":"https:\/\/www.veneciacr.com\/index.php\/wp-json\/wp\/v2\/media?parent=91342"}],"wp:term":[{"taxonomy":"product_brand","embeddable":true,"href":"https:\/\/www.veneciacr.com\/index.php\/wp-json\/wp\/v2\/product_brand?post=91342"},{"taxonomy":"product_cat","embeddable":true,"href":"https:\/\/www.veneciacr.com\/index.php\/wp-json\/wp\/v2\/product_cat?post=91342"},{"taxonomy":"product_tag","embeddable":true,"href":"https:\/\/www.veneciacr.com\/index.php\/wp-json\/wp\/v2\/product_tag?post=91342"}],"curies":[{"name":"wp","href":"https:\/\/api.w.org\/{rel}","templated":true}]}}