{"id":91327,"date":"2026-04-21T02:38:02","date_gmt":"2026-04-21T08:38:02","guid":{"rendered":"https:\/\/www.veneciacr.com\/index.php\/producto\/unidad-escuadra-12x14-negra-me-14n-fiero\/"},"modified":"2026-04-21T02:38:02","modified_gmt":"2026-04-21T08:38:02","slug":"unidad-escuadra-12x14-negra-me-14n-fiero-ec18","status":"publish","type":"product","link":"https:\/\/www.veneciacr.com\/index.php\/producto\/unidad-escuadra-12x14-negra-me-14n-fiero-ec18\/","title":{"rendered":"UNIDAD ESCUADRA 12X14&#8243; NEGRA ME-14N FIERO EC18"},"content":{"rendered":"<p>Fabricada de acero<\/p>\n<p>F\u00e1cil instalaci\u00f3n<\/p>\n<p>\u00datil para emplearse como soporte de repisas o cubiertas<\/p>\n","protected":false},"excerpt":{"rendered":"<p>Fabricada de acero F\u00e1cil instalaci\u00f3n \u00datil para emplearse como soporte de repisas o cubiertas<\/p>\n","protected":false},"featured_media":91328,"comment_status":"closed","ping_status":"open","template":"","meta":[],"product_brand":[],"product_cat":[19,100],"product_tag":[],"class_list":{"0":"post-91327","1":"product","2":"type-product","3":"status-publish","4":"has-post-thumbnail","6":"product_cat-ferreteria","7":"product_cat-soportes-para-repisas","9":"first","10":"instock","11":"purchasable","12":"product-type-simple"},"jetpack_sharing_enabled":true,"_links":{"self":[{"href":"https:\/\/www.veneciacr.com\/index.php\/wp-json\/wp\/v2\/product\/91327","targetHints":{"allow":["GET"]}}],"collection":[{"href":"https:\/\/www.veneciacr.com\/index.php\/wp-json\/wp\/v2\/product"}],"about":[{"href":"https:\/\/www.veneciacr.com\/index.php\/wp-json\/wp\/v2\/types\/product"}],"replies":[{"embeddable":true,"href":"https:\/\/www.veneciacr.com\/index.php\/wp-json\/wp\/v2\/comments?post=91327"}],"wp:featuredmedia":[{"embeddable":true,"href":"https:\/\/www.veneciacr.com\/index.php\/wp-json\/wp\/v2\/media\/91328"}],"wp:attachment":[{"href":"https:\/\/www.veneciacr.com\/index.php\/wp-json\/wp\/v2\/media?parent=91327"}],"wp:term":[{"taxonomy":"product_brand","embeddable":true,"href":"https:\/\/www.veneciacr.com\/index.php\/wp-json\/wp\/v2\/product_brand?post=91327"},{"taxonomy":"product_cat","embeddable":true,"href":"https:\/\/www.veneciacr.com\/index.php\/wp-json\/wp\/v2\/product_cat?post=91327"},{"taxonomy":"product_tag","embeddable":true,"href":"https:\/\/www.veneciacr.com\/index.php\/wp-json\/wp\/v2\/product_tag?post=91327"}],"curies":[{"name":"wp","href":"https:\/\/api.w.org\/{rel}","templated":true}]}}