{"id":91314,"date":"2026-04-30T01:58:17","date_gmt":"2026-04-30T07:58:17","guid":{"rendered":"https:\/\/www.veneciacr.com\/index.php\/producto\/escuadra-negra-tornillo-escalera-8x8-med-8ne-fiero\/"},"modified":"2026-04-30T01:58:18","modified_gmt":"2026-04-30T07:58:18","slug":"unidad-escuadra-negra-tornillo-escalera-8x8-med-8ne-fiero","status":"publish","type":"product","link":"https:\/\/www.veneciacr.com\/index.php\/producto\/unidad-escuadra-negra-tornillo-escalera-8x8-med-8ne-fiero\/","title":{"rendered":"UNIDAD ESCUADRA NEGRA TORNILLO ESCALERA 8X8&#8243; MED-8NE FIERO"},"content":{"rendered":"<p>Fabricada en acero<br \/>\nF\u00e1cil instalaci\u00f3n<br \/>\nUso decorativo<br \/>\n\u00datil para emplearse como soporte de repisas o cubiertas<\/p>\n<p>Especificaciones<br \/>\nGenerales<br \/>\nColor Negro<br \/>\nEspesor 3 mm<br \/>\nPuntos de sujeci\u00f3n 4<br \/>\nEmpaque individual Etiqueta<\/p>\n<div class=\"col vinieta_class\"><img loading=\"lazy\" decoding=\"async\" class=\"img_vinietas\" src=\"https:\/\/www.truper.com\/admin\/images\/vinietas\/47703-01.svg\" width=\"71\" height=\"71\" \/><img loading=\"lazy\" decoding=\"async\" class=\"img_vinietas\" src=\"https:\/\/www.truper.com\/admin\/images\/vinietas\/47703-02.svg\" width=\"69\" height=\"69\" \/><\/div>\n","protected":false},"excerpt":{"rendered":"<p>Fabricada en acero F\u00e1cil instalaci\u00f3n Uso decorativo \u00datil para emplearse como soporte de repisas o cubiertas Especificaciones Generales Color Negro<\/p>\n","protected":false},"featured_media":96947,"comment_status":"closed","ping_status":"open","template":"","meta":[],"product_brand":[],"product_cat":[19,100],"product_tag":[],"class_list":{"0":"post-91314","1":"product","2":"type-product","3":"status-publish","4":"has-post-thumbnail","6":"product_cat-ferreteria","7":"product_cat-soportes-para-repisas","9":"first","10":"instock","11":"purchasable","12":"product-type-simple"},"jetpack_sharing_enabled":true,"_links":{"self":[{"href":"https:\/\/www.veneciacr.com\/index.php\/wp-json\/wp\/v2\/product\/91314","targetHints":{"allow":["GET"]}}],"collection":[{"href":"https:\/\/www.veneciacr.com\/index.php\/wp-json\/wp\/v2\/product"}],"about":[{"href":"https:\/\/www.veneciacr.com\/index.php\/wp-json\/wp\/v2\/types\/product"}],"replies":[{"embeddable":true,"href":"https:\/\/www.veneciacr.com\/index.php\/wp-json\/wp\/v2\/comments?post=91314"}],"wp:featuredmedia":[{"embeddable":true,"href":"https:\/\/www.veneciacr.com\/index.php\/wp-json\/wp\/v2\/media\/96947"}],"wp:attachment":[{"href":"https:\/\/www.veneciacr.com\/index.php\/wp-json\/wp\/v2\/media?parent=91314"}],"wp:term":[{"taxonomy":"product_brand","embeddable":true,"href":"https:\/\/www.veneciacr.com\/index.php\/wp-json\/wp\/v2\/product_brand?post=91314"},{"taxonomy":"product_cat","embeddable":true,"href":"https:\/\/www.veneciacr.com\/index.php\/wp-json\/wp\/v2\/product_cat?post=91314"},{"taxonomy":"product_tag","embeddable":true,"href":"https:\/\/www.veneciacr.com\/index.php\/wp-json\/wp\/v2\/product_tag?post=91314"}],"curies":[{"name":"wp","href":"https:\/\/api.w.org\/{rel}","templated":true}]}}