{"id":91297,"date":"2026-05-10T01:51:38","date_gmt":"2026-05-10T07:51:38","guid":{"rendered":"https:\/\/www.veneciacr.com\/index.php\/producto\/brocha-3-plastica-brt-3-truper\/"},"modified":"2026-05-10T01:51:38","modified_gmt":"2026-05-10T07:51:38","slug":"brocha-3-plastico-brt-3-truper","status":"publish","type":"product","link":"https:\/\/www.veneciacr.com\/index.php\/producto\/brocha-3-plastico-brt-3-truper\/","title":{"rendered":"BROCHA 3&#8243; PLASTICO BRT-3 TRUPER"},"content":{"rendered":"<p>Cerdas finas 80% sint\u00e9ticas y 20% naturales para mayor retenci\u00f3n de pintura y acabado uniforme<\/p>\n<p>Adheridas con resina ep\u00f3xica al casquillo para evitar el desprendimiento de las cerdas<\/p>\n<p>Mango ligero de polipropileno para un trabajo m\u00e1s c\u00f3modo<\/p>\n<p>Ideales para superficies de concreto, metal, estuco y madera<\/p>\n<p>Para aplicar resina, pegamento, acetona, pintura y solventes<\/p>\n","protected":false},"excerpt":{"rendered":"<p>Cerdas finas 80% sint\u00e9ticas y 20% naturales para mayor retenci\u00f3n de pintura y acabado uniforme Adheridas con resina ep\u00f3xica al<\/p>\n","protected":false},"featured_media":91298,"comment_status":"closed","ping_status":"open","template":"","meta":[],"product_brand":[],"product_cat":[15],"product_tag":[],"class_list":{"0":"post-91297","1":"product","2":"type-product","3":"status-publish","4":"has-post-thumbnail","6":"product_cat-uncategorized","8":"first","9":"instock","10":"purchasable","11":"product-type-simple"},"jetpack_sharing_enabled":true,"_links":{"self":[{"href":"https:\/\/www.veneciacr.com\/index.php\/wp-json\/wp\/v2\/product\/91297","targetHints":{"allow":["GET"]}}],"collection":[{"href":"https:\/\/www.veneciacr.com\/index.php\/wp-json\/wp\/v2\/product"}],"about":[{"href":"https:\/\/www.veneciacr.com\/index.php\/wp-json\/wp\/v2\/types\/product"}],"replies":[{"embeddable":true,"href":"https:\/\/www.veneciacr.com\/index.php\/wp-json\/wp\/v2\/comments?post=91297"}],"wp:featuredmedia":[{"embeddable":true,"href":"https:\/\/www.veneciacr.com\/index.php\/wp-json\/wp\/v2\/media\/91298"}],"wp:attachment":[{"href":"https:\/\/www.veneciacr.com\/index.php\/wp-json\/wp\/v2\/media?parent=91297"}],"wp:term":[{"taxonomy":"product_brand","embeddable":true,"href":"https:\/\/www.veneciacr.com\/index.php\/wp-json\/wp\/v2\/product_brand?post=91297"},{"taxonomy":"product_cat","embeddable":true,"href":"https:\/\/www.veneciacr.com\/index.php\/wp-json\/wp\/v2\/product_cat?post=91297"},{"taxonomy":"product_tag","embeddable":true,"href":"https:\/\/www.veneciacr.com\/index.php\/wp-json\/wp\/v2\/product_tag?post=91297"}],"curies":[{"name":"wp","href":"https:\/\/api.w.org\/{rel}","templated":true}]}}