{"id":91254,"date":"2026-04-30T02:15:04","date_gmt":"2026-04-30T08:15:04","guid":{"rendered":"https:\/\/www.veneciacr.com\/index.php\/producto\/punzon-marcar-3-8x-4-7-8-pubar-3-8-truper\/"},"modified":"2026-04-30T02:15:05","modified_gmt":"2026-04-30T08:15:05","slug":"punzon-marcar-3-8x-4-7-8-pumar-3-8-truper","status":"publish","type":"product","link":"https:\/\/www.veneciacr.com\/index.php\/producto\/punzon-marcar-3-8x-4-7-8-pumar-3-8-truper\/","title":{"rendered":"PUNZON MARCAR 3\/8&#8243;X 4 7\/8&#8243; PUMAR-3\/8 TRUPER"},"content":{"rendered":"<p>Longitud 5 1\/4&#8243; (132mm)<br \/>\nEspesor 3\/8&#8243; (9.5mm)<br \/>\nDureza 53HRc<br \/>\nPeso 70g<br \/>\nEmpaque Granel<\/p>\n<p>CARACTER\u00cdSTICAS<br \/>\nFabricados en acero al cromo SAE 5140<br \/>\n\u00c1ngulo de 50\u00ba que permite un acabado extraordinario<\/p>\n<p>USOS<br \/>\nMec\u00e1nica industrial, automotriz, herrer\u00edas, etc\u00e9tera<br \/>\nPara guiar con su marcado la trayectoria de la broca en procesos de barrenado<\/p>\n","protected":false},"excerpt":{"rendered":"<p>Longitud 5 1\/4&#8243; (132mm) Espesor 3\/8&#8243; (9.5mm) Dureza 53HRc Peso 70g Empaque Granel CARACTER\u00cdSTICAS Fabricados en acero al cromo SAE<\/p>\n","protected":false},"featured_media":96729,"comment_status":"closed","ping_status":"open","template":"","meta":[],"product_brand":[],"product_cat":[15],"product_tag":[],"class_list":{"0":"post-91254","1":"product","2":"type-product","3":"status-publish","4":"has-post-thumbnail","6":"product_cat-uncategorized","8":"first","9":"instock","10":"purchasable","11":"product-type-simple"},"jetpack_sharing_enabled":true,"_links":{"self":[{"href":"https:\/\/www.veneciacr.com\/index.php\/wp-json\/wp\/v2\/product\/91254","targetHints":{"allow":["GET"]}}],"collection":[{"href":"https:\/\/www.veneciacr.com\/index.php\/wp-json\/wp\/v2\/product"}],"about":[{"href":"https:\/\/www.veneciacr.com\/index.php\/wp-json\/wp\/v2\/types\/product"}],"replies":[{"embeddable":true,"href":"https:\/\/www.veneciacr.com\/index.php\/wp-json\/wp\/v2\/comments?post=91254"}],"wp:featuredmedia":[{"embeddable":true,"href":"https:\/\/www.veneciacr.com\/index.php\/wp-json\/wp\/v2\/media\/96729"}],"wp:attachment":[{"href":"https:\/\/www.veneciacr.com\/index.php\/wp-json\/wp\/v2\/media?parent=91254"}],"wp:term":[{"taxonomy":"product_brand","embeddable":true,"href":"https:\/\/www.veneciacr.com\/index.php\/wp-json\/wp\/v2\/product_brand?post=91254"},{"taxonomy":"product_cat","embeddable":true,"href":"https:\/\/www.veneciacr.com\/index.php\/wp-json\/wp\/v2\/product_cat?post=91254"},{"taxonomy":"product_tag","embeddable":true,"href":"https:\/\/www.veneciacr.com\/index.php\/wp-json\/wp\/v2\/product_tag?post=91254"}],"curies":[{"name":"wp","href":"https:\/\/api.w.org\/{rel}","templated":true}]}}