{"id":91250,"date":"2026-04-21T02:38:48","date_gmt":"2026-04-21T08:38:48","guid":{"rendered":"https:\/\/www.veneciacr.com\/index.php\/producto\/alicate-electricista-liviano-7-pel-7p-pretul\/"},"modified":"2026-04-21T02:38:49","modified_gmt":"2026-04-21T08:38:49","slug":"alicate-electricista-liviano-7-pel-7p-pretul","status":"publish","type":"product","link":"https:\/\/www.veneciacr.com\/index.php\/producto\/alicate-electricista-liviano-7-pel-7p-pretul\/","title":{"rendered":"ALICATE ELECTRICISTA LIVIANO 7&#8243; PEL-7P PRETUL"},"content":{"rendered":"<p>Fabricadas en acero al carbono con acabado pulido.<br \/>\nMango de vinil de alto desempe\u00f1o, en color negro con amarillo.<br \/>\nPunta plana y mordaza con estriado recto para agarre firme y seguro.<br \/>\nQuijadas (mordazas) maquinadas con precisi\u00f3n para mejor sujeci\u00f3n.<br \/>\nMayor palanca que proporciona mejor agarre y fuerza de corte. Cortes m\u00e1s precisos.<br \/>\nPunta plana mordaza con estriado recto<\/p>\n<p>ESPECIFICACIONES<br \/>\nLargo total: 7&#8243; (18 cm)<br \/>\nLongitud de mordaza: 28 mm<br \/>\nDureza de mordazas: 42 &#8211; 48 HRc<br \/>\nDureza del \u00e1rea de corte: 55 &#8211; 65 HRc<br \/>\nEmpaque individual: Blister<\/p>\n<p>Aplicaciones<br \/>\nIdeales para electricista.<br \/>\nPara uso el\u00e9ctrico, alambrados, instalaci\u00f3n de equipos el\u00e9ctricos y mantenimiento.<br \/>\nPara corta o torcer alambre y cable.<\/p>\n<p>CUIDADOS<br \/>\nNo aislado, los mangos no protegen contra choques el\u00e9ctricos.<\/p>\n","protected":false},"excerpt":{"rendered":"<p>Fabricadas en acero al carbono con acabado pulido. Mango de vinil de alto desempe\u00f1o, en color negro con amarillo. Punta<\/p>\n","protected":false},"featured_media":91251,"comment_status":"closed","ping_status":"open","template":"","meta":[],"product_brand":[],"product_cat":[152,23],"product_tag":[],"class_list":{"0":"post-91250","1":"product","2":"type-product","3":"status-publish","4":"has-post-thumbnail","6":"product_cat-herramienta-manuales","7":"product_cat-herramientas","9":"first","10":"instock","11":"purchasable","12":"product-type-simple"},"jetpack_sharing_enabled":true,"_links":{"self":[{"href":"https:\/\/www.veneciacr.com\/index.php\/wp-json\/wp\/v2\/product\/91250","targetHints":{"allow":["GET"]}}],"collection":[{"href":"https:\/\/www.veneciacr.com\/index.php\/wp-json\/wp\/v2\/product"}],"about":[{"href":"https:\/\/www.veneciacr.com\/index.php\/wp-json\/wp\/v2\/types\/product"}],"replies":[{"embeddable":true,"href":"https:\/\/www.veneciacr.com\/index.php\/wp-json\/wp\/v2\/comments?post=91250"}],"wp:featuredmedia":[{"embeddable":true,"href":"https:\/\/www.veneciacr.com\/index.php\/wp-json\/wp\/v2\/media\/91251"}],"wp:attachment":[{"href":"https:\/\/www.veneciacr.com\/index.php\/wp-json\/wp\/v2\/media?parent=91250"}],"wp:term":[{"taxonomy":"product_brand","embeddable":true,"href":"https:\/\/www.veneciacr.com\/index.php\/wp-json\/wp\/v2\/product_brand?post=91250"},{"taxonomy":"product_cat","embeddable":true,"href":"https:\/\/www.veneciacr.com\/index.php\/wp-json\/wp\/v2\/product_cat?post=91250"},{"taxonomy":"product_tag","embeddable":true,"href":"https:\/\/www.veneciacr.com\/index.php\/wp-json\/wp\/v2\/product_tag?post=91250"}],"curies":[{"name":"wp","href":"https:\/\/api.w.org\/{rel}","templated":true}]}}