{"id":91244,"date":"2026-04-21T02:38:45","date_gmt":"2026-04-21T08:38:45","guid":{"rendered":"https:\/\/www.veneciacr.com\/index.php\/producto\/plomada-laton-8oz-plom-8-truper\/"},"modified":"2026-04-21T02:38:47","modified_gmt":"2026-04-21T08:38:47","slug":"plomada-laton-8oz-plom-8-truper","status":"publish","type":"product","link":"https:\/\/www.veneciacr.com\/index.php\/producto\/plomada-laton-8oz-plom-8-truper\/","title":{"rendered":"PLOMADA LATON 8OZ PLOM-8 TRUPER"},"content":{"rendered":"<p>Cuerpo fabricado en lat\u00f3n macizo<br \/>\nAcabado barnizado y pulido<br \/>\nPunta de acero templado<br \/>\nLa parte superior se desatornilla para centrar las cuerdas f\u00e1cilmente<\/p>\n<p>ESPECIFICACIONES<br \/>\nPeso: 8 oz (226g)<br \/>\nLongitud: 4 1\/2&#8243; (11.4cm)<br \/>\nEmpaque individual: Blister<br \/>\nAplicaciones<br \/>\nTopograf\u00eda, plomer\u00eda y construcci\u00f3n<\/p>\n<p>CUIDADOS<br \/>\nNo golpearla ni dejarla caer ya que puede perder su balance<\/p>\n","protected":false},"excerpt":{"rendered":"<p>Cuerpo fabricado en lat\u00f3n macizo Acabado barnizado y pulido Punta de acero templado La parte superior se desatornilla para centrar<\/p>\n","protected":false},"featured_media":91245,"comment_status":"closed","ping_status":"open","template":"","meta":[],"product_brand":[],"product_cat":[15],"product_tag":[],"class_list":{"0":"post-91244","1":"product","2":"type-product","3":"status-publish","4":"has-post-thumbnail","6":"product_cat-uncategorized","8":"first","9":"instock","10":"purchasable","11":"product-type-simple"},"jetpack_sharing_enabled":true,"_links":{"self":[{"href":"https:\/\/www.veneciacr.com\/index.php\/wp-json\/wp\/v2\/product\/91244","targetHints":{"allow":["GET"]}}],"collection":[{"href":"https:\/\/www.veneciacr.com\/index.php\/wp-json\/wp\/v2\/product"}],"about":[{"href":"https:\/\/www.veneciacr.com\/index.php\/wp-json\/wp\/v2\/types\/product"}],"replies":[{"embeddable":true,"href":"https:\/\/www.veneciacr.com\/index.php\/wp-json\/wp\/v2\/comments?post=91244"}],"wp:featuredmedia":[{"embeddable":true,"href":"https:\/\/www.veneciacr.com\/index.php\/wp-json\/wp\/v2\/media\/91245"}],"wp:attachment":[{"href":"https:\/\/www.veneciacr.com\/index.php\/wp-json\/wp\/v2\/media?parent=91244"}],"wp:term":[{"taxonomy":"product_brand","embeddable":true,"href":"https:\/\/www.veneciacr.com\/index.php\/wp-json\/wp\/v2\/product_brand?post=91244"},{"taxonomy":"product_cat","embeddable":true,"href":"https:\/\/www.veneciacr.com\/index.php\/wp-json\/wp\/v2\/product_cat?post=91244"},{"taxonomy":"product_tag","embeddable":true,"href":"https:\/\/www.veneciacr.com\/index.php\/wp-json\/wp\/v2\/product_tag?post=91244"}],"curies":[{"name":"wp","href":"https:\/\/api.w.org\/{rel}","templated":true}]}}