{"id":91242,"date":"2026-04-21T02:38:45","date_gmt":"2026-04-21T08:38:45","guid":{"rendered":"https:\/\/www.veneciacr.com\/index.php\/producto\/cautin-30w-c-accesorios-cau-p-pretul\/"},"modified":"2026-04-21T02:38:46","modified_gmt":"2026-04-21T08:38:46","slug":"cautin-30w-con-accesorios-cau-30p-pretul","status":"publish","type":"product","link":"https:\/\/www.veneciacr.com\/index.php\/producto\/cautin-30w-con-accesorios-cau-30p-pretul\/","title":{"rendered":"CAUTIN 30W CON ACCESORIOS CAU-30P PRETUL"},"content":{"rendered":"<p>ESPECIFICACIONES<br \/>\nPotencia 30 W<br \/>\nTensi\u00f3n 120 V<br \/>\nFrecuencia 60 Hz<br \/>\nTemperatura m\u00e1xima 320 \u00b0C<br \/>\nLongitud del caut\u00edn 18 cm<br \/>\nDi\u00e1metro de la punta 3 mm<br \/>\nLongitud del cable 118 cm<br \/>\nEmpaque Blister<\/p>\n<p>Incluye:<br \/>\n1 Punta de repuesto<br \/>\n1 Desarmador<br \/>\nSoldadura<br \/>\nFundente<\/p>\n<p>CARACTER\u00cdSTICAS<br \/>\nPunta fabricada en lat\u00f3n<br \/>\nMango ergon\u00f3mico de baquelita con protecci\u00f3n de caucho que lo mantiene fr\u00edo<\/p>\n<p>USOS<br \/>\nPara soldar gran variedad de materiales en trabajos ligeros, escolares, microcircuitos, etc\u00e9tera<\/p>\n","protected":false},"excerpt":{"rendered":"<p>ESPECIFICACIONES Potencia 30 W Tensi\u00f3n 120 V Frecuencia 60 Hz Temperatura m\u00e1xima 320 \u00b0C Longitud del caut\u00edn 18 cm Di\u00e1metro<\/p>\n","protected":false},"featured_media":91243,"comment_status":"closed","ping_status":"open","template":"","meta":[],"product_brand":[],"product_cat":[15],"product_tag":[],"class_list":{"0":"post-91242","1":"product","2":"type-product","3":"status-publish","4":"has-post-thumbnail","6":"product_cat-uncategorized","8":"first","9":"instock","10":"purchasable","11":"product-type-simple"},"jetpack_sharing_enabled":true,"_links":{"self":[{"href":"https:\/\/www.veneciacr.com\/index.php\/wp-json\/wp\/v2\/product\/91242","targetHints":{"allow":["GET"]}}],"collection":[{"href":"https:\/\/www.veneciacr.com\/index.php\/wp-json\/wp\/v2\/product"}],"about":[{"href":"https:\/\/www.veneciacr.com\/index.php\/wp-json\/wp\/v2\/types\/product"}],"replies":[{"embeddable":true,"href":"https:\/\/www.veneciacr.com\/index.php\/wp-json\/wp\/v2\/comments?post=91242"}],"wp:featuredmedia":[{"embeddable":true,"href":"https:\/\/www.veneciacr.com\/index.php\/wp-json\/wp\/v2\/media\/91243"}],"wp:attachment":[{"href":"https:\/\/www.veneciacr.com\/index.php\/wp-json\/wp\/v2\/media?parent=91242"}],"wp:term":[{"taxonomy":"product_brand","embeddable":true,"href":"https:\/\/www.veneciacr.com\/index.php\/wp-json\/wp\/v2\/product_brand?post=91242"},{"taxonomy":"product_cat","embeddable":true,"href":"https:\/\/www.veneciacr.com\/index.php\/wp-json\/wp\/v2\/product_cat?post=91242"},{"taxonomy":"product_tag","embeddable":true,"href":"https:\/\/www.veneciacr.com\/index.php\/wp-json\/wp\/v2\/product_tag?post=91242"}],"curies":[{"name":"wp","href":"https:\/\/api.w.org\/{rel}","templated":true}]}}