{"id":91227,"date":"2026-04-21T02:38:51","date_gmt":"2026-04-21T08:38:51","guid":{"rendered":"https:\/\/www.veneciacr.com\/index.php\/producto\/aspersor-plast-3-brazos-reg-3-pretul\/"},"modified":"2026-04-21T02:38:51","modified_gmt":"2026-04-21T08:38:51","slug":"aspersor-plast-3-brazos-reg-3-pretul","status":"publish","type":"product","link":"https:\/\/www.veneciacr.com\/index.php\/producto\/aspersor-plast-3-brazos-reg-3-pretul\/","title":{"rendered":"ASPERSOR PLAST 3 BRAZOS REG-3 PRETUL"},"content":{"rendered":"<p>Soporte fabricado en pl\u00e1stico ABS<br \/>\nBrazos fabricados de aluminio<br \/>\nAspersor giratorio de 3 brazos<br \/>\n\u00c0rea de riego<\/p>\n<p>ESPECIFICACIONES<br \/>\nPresi\u00f3n de trabajo: 40 a 50 PSI<br \/>\nEntrada de agua: 3\/4&#8243;<br \/>\nEmpaque individual: Caballete<\/p>\n<p>Aplicaciones<br \/>\nPara jardiner\u00eda<\/p>\n","protected":false},"excerpt":{"rendered":"<p>Soporte fabricado en pl\u00e1stico ABS Brazos fabricados de aluminio Aspersor giratorio de 3 brazos \u00c0rea de riego ESPECIFICACIONES Presi\u00f3n de<\/p>\n","protected":false},"featured_media":91228,"comment_status":"closed","ping_status":"open","template":"","meta":[],"product_brand":[],"product_cat":[15],"product_tag":[],"class_list":{"0":"post-91227","1":"product","2":"type-product","3":"status-publish","4":"has-post-thumbnail","6":"product_cat-uncategorized","8":"first","9":"instock","10":"purchasable","11":"product-type-simple"},"jetpack_sharing_enabled":true,"_links":{"self":[{"href":"https:\/\/www.veneciacr.com\/index.php\/wp-json\/wp\/v2\/product\/91227","targetHints":{"allow":["GET"]}}],"collection":[{"href":"https:\/\/www.veneciacr.com\/index.php\/wp-json\/wp\/v2\/product"}],"about":[{"href":"https:\/\/www.veneciacr.com\/index.php\/wp-json\/wp\/v2\/types\/product"}],"replies":[{"embeddable":true,"href":"https:\/\/www.veneciacr.com\/index.php\/wp-json\/wp\/v2\/comments?post=91227"}],"wp:featuredmedia":[{"embeddable":true,"href":"https:\/\/www.veneciacr.com\/index.php\/wp-json\/wp\/v2\/media\/91228"}],"wp:attachment":[{"href":"https:\/\/www.veneciacr.com\/index.php\/wp-json\/wp\/v2\/media?parent=91227"}],"wp:term":[{"taxonomy":"product_brand","embeddable":true,"href":"https:\/\/www.veneciacr.com\/index.php\/wp-json\/wp\/v2\/product_brand?post=91227"},{"taxonomy":"product_cat","embeddable":true,"href":"https:\/\/www.veneciacr.com\/index.php\/wp-json\/wp\/v2\/product_cat?post=91227"},{"taxonomy":"product_tag","embeddable":true,"href":"https:\/\/www.veneciacr.com\/index.php\/wp-json\/wp\/v2\/product_tag?post=91227"}],"curies":[{"name":"wp","href":"https:\/\/api.w.org\/{rel}","templated":true}]}}