{"id":91209,"date":"2026-04-26T01:55:58","date_gmt":"2026-04-26T07:55:58","guid":{"rendered":"https:\/\/www.veneciacr.com\/index.php\/producto\/broca-vidrio-y-porcelanato-3-8-bvi-3-8x-truper\/"},"modified":"2026-04-26T01:55:59","modified_gmt":"2026-04-26T07:55:59","slug":"broca-vidrio-y-porcelanato-3-8-bvi-3-8x-truper","status":"publish","type":"product","link":"https:\/\/www.veneciacr.com\/index.php\/producto\/broca-vidrio-y-porcelanato-3-8-bvi-3-8x-truper\/","title":{"rendered":"BROCA VIDRIO Y PORCELANATO 3\/8&#8243; BVI-3\/8X TRUPER"},"content":{"rendered":"<p>Punta de carburo de tungsteno de alta resitencia para mayor durabilidad, 2X mayor velocidad de perforaci\u00f3n<\/p>\n<p>Cortes 2X m\u00e1s r\u00e1pidos con mejor acabado y sin despostilladuras<\/p>\n<p>Zanco P3 antiderrapante<\/p>\n<p>Cuerpo en espiral para r\u00e1pida evacuaci\u00f3n de polvo<\/p>\n<p>Ideal para perforar con velocidad baja<\/p>\n","protected":false},"excerpt":{"rendered":"<p>Punta de carburo de tungsteno de alta resitencia para mayor durabilidad, 2X mayor velocidad de perforaci\u00f3n Cortes 2X m\u00e1s r\u00e1pidos<\/p>\n","protected":false},"featured_media":91210,"comment_status":"closed","ping_status":"open","template":"","meta":[],"product_brand":[],"product_cat":[86,23],"product_tag":[],"class_list":{"0":"post-91209","1":"product","2":"type-product","3":"status-publish","4":"has-post-thumbnail","6":"product_cat-accesorios-para-herramientas-electricas","7":"product_cat-herramientas","9":"first","10":"instock","11":"purchasable","12":"product-type-simple"},"jetpack_sharing_enabled":true,"_links":{"self":[{"href":"https:\/\/www.veneciacr.com\/index.php\/wp-json\/wp\/v2\/product\/91209","targetHints":{"allow":["GET"]}}],"collection":[{"href":"https:\/\/www.veneciacr.com\/index.php\/wp-json\/wp\/v2\/product"}],"about":[{"href":"https:\/\/www.veneciacr.com\/index.php\/wp-json\/wp\/v2\/types\/product"}],"replies":[{"embeddable":true,"href":"https:\/\/www.veneciacr.com\/index.php\/wp-json\/wp\/v2\/comments?post=91209"}],"wp:featuredmedia":[{"embeddable":true,"href":"https:\/\/www.veneciacr.com\/index.php\/wp-json\/wp\/v2\/media\/91210"}],"wp:attachment":[{"href":"https:\/\/www.veneciacr.com\/index.php\/wp-json\/wp\/v2\/media?parent=91209"}],"wp:term":[{"taxonomy":"product_brand","embeddable":true,"href":"https:\/\/www.veneciacr.com\/index.php\/wp-json\/wp\/v2\/product_brand?post=91209"},{"taxonomy":"product_cat","embeddable":true,"href":"https:\/\/www.veneciacr.com\/index.php\/wp-json\/wp\/v2\/product_cat?post=91209"},{"taxonomy":"product_tag","embeddable":true,"href":"https:\/\/www.veneciacr.com\/index.php\/wp-json\/wp\/v2\/product_tag?post=91209"}],"curies":[{"name":"wp","href":"https:\/\/api.w.org\/{rel}","templated":true}]}}