{"id":91172,"date":"2026-04-21T02:39:03","date_gmt":"2026-04-21T08:39:03","guid":{"rendered":"https:\/\/www.veneciacr.com\/index.php\/producto\/lampara-emergencia-1000lm-lae-120-volteck\/"},"modified":"2026-04-21T02:39:03","modified_gmt":"2026-04-21T08:39:03","slug":"lampara-emergencia-1000lm-lae-120-volteck","status":"publish","type":"product","link":"https:\/\/www.veneciacr.com\/index.php\/producto\/lampara-emergencia-1000lm-lae-120-volteck\/","title":{"rendered":"LAMPARA EMERGENCIA 1000LM LAE-120 VOLTECK"},"content":{"rendered":"<p>Cuerpo de ABS y pantalla de poliestireno<br \/>\n2 Intensidades de luz: alta y baja<br \/>\nEnciende autom\u00e1ticamente al fallar la energ\u00eda el\u00e9ctrica<br \/>\nProtecci\u00f3n de sobre carga y descarga que alarga la vida \u00fatil de la bater\u00eda<br \/>\nRecargable<br \/>\nBater\u00eda de Ion-Litio, m\u00e1s tiempo de vida, mayor velocidad de carga<br \/>\nAsa plegable para un mejor traslado<\/p>\n<p>NORMA<br \/>\nCumple la norma: NOM-003-SCFI<\/p>\n<p>Potencia 7 W<br \/>\nN\u00famero de LEDS 120<br \/>\nFlujo luminoso alto 1,000 lm<br \/>\nFlujo luminoso bajo 500 lm<br \/>\nTiempo de carga 8 horas<br \/>\nTiempo de duraci\u00f3n 4 horas (intensidad alta) 6 horas (intensidad baja)<br \/>\nBater\u00eda recargable de Litio (incluida) 3.7 V<br \/>\nTensi\u00f3n 120 &#8211; 240 V<br \/>\nCorriente 62 mA &#8211; 31 mA<br \/>\nFrecuencia 60 Hz<br \/>\nLargo 50 cm<br \/>\nAlto 7 cm<br \/>\nFondo 3 cm<br \/>\nEmpaque individual Caja<\/p>\n<p>INCLUYE<br \/>\nTorniller\u00eda para su instalaci\u00f3n<\/p>\n<p>CUIDADOS<br \/>\nNo usar en condiciones de humedad<br \/>\nRecargue la bater\u00eda por lo menos cada 40 d\u00edas para alargar su vida \u00fatil<br \/>\nPara prolongar la vida \u00fatil de la bater\u00eda no almacene el luminario sin carga<\/p>\n","protected":false},"excerpt":{"rendered":"<p>Cuerpo de ABS y pantalla de poliestireno 2 Intensidades de luz: alta y baja Enciende autom\u00e1ticamente al fallar la energ\u00eda<\/p>\n","protected":false},"featured_media":91173,"comment_status":"closed","ping_status":"open","template":"","meta":[],"product_brand":[],"product_cat":[15],"product_tag":[],"class_list":{"0":"post-91172","1":"product","2":"type-product","3":"status-publish","4":"has-post-thumbnail","6":"product_cat-uncategorized","8":"first","9":"instock","10":"purchasable","11":"product-type-simple"},"jetpack_sharing_enabled":true,"_links":{"self":[{"href":"https:\/\/www.veneciacr.com\/index.php\/wp-json\/wp\/v2\/product\/91172","targetHints":{"allow":["GET"]}}],"collection":[{"href":"https:\/\/www.veneciacr.com\/index.php\/wp-json\/wp\/v2\/product"}],"about":[{"href":"https:\/\/www.veneciacr.com\/index.php\/wp-json\/wp\/v2\/types\/product"}],"replies":[{"embeddable":true,"href":"https:\/\/www.veneciacr.com\/index.php\/wp-json\/wp\/v2\/comments?post=91172"}],"wp:featuredmedia":[{"embeddable":true,"href":"https:\/\/www.veneciacr.com\/index.php\/wp-json\/wp\/v2\/media\/91173"}],"wp:attachment":[{"href":"https:\/\/www.veneciacr.com\/index.php\/wp-json\/wp\/v2\/media?parent=91172"}],"wp:term":[{"taxonomy":"product_brand","embeddable":true,"href":"https:\/\/www.veneciacr.com\/index.php\/wp-json\/wp\/v2\/product_brand?post=91172"},{"taxonomy":"product_cat","embeddable":true,"href":"https:\/\/www.veneciacr.com\/index.php\/wp-json\/wp\/v2\/product_cat?post=91172"},{"taxonomy":"product_tag","embeddable":true,"href":"https:\/\/www.veneciacr.com\/index.php\/wp-json\/wp\/v2\/product_tag?post=91172"}],"curies":[{"name":"wp","href":"https:\/\/api.w.org\/{rel}","templated":true}]}}